{"id":110,"date":"2024-03-03T02:26:36","date_gmt":"2024-03-03T02:26:36","guid":{"rendered":"https:\/\/ib.eco\/?page_id=110"},"modified":"2025-07-30T19:42:12","modified_gmt":"2025-07-30T19:42:12","slug":"servicii","status":"publish","type":"page","link":"https:\/\/ib.eco\/en\/servicii\/","title":{"rendered":"Services"},"content":{"rendered":"<div data-elementor-type=\"wp-page\" data-elementor-id=\"110\" class=\"elementor elementor-110\" data-elementor-post-type=\"page\">\n\t\t\t\t<div class=\"elementor-element elementor-element-9355531 e-flex e-con-boxed e-con e-parent\" data-id=\"9355531\" data-element_type=\"container\">\n\t\t\t\t\t<div class=\"e-con-inner\">\n\t\t\t\t<div class=\"elementor-element elementor-element-4d295ea elementor-widget elementor-widget-heading\" data-id=\"4d295ea\" data-element_type=\"widget\" data-widget_type=\"heading.default\">\n\t\t\t\t<div class=\"elementor-widget-container\">\n\t\t\t<h2 class=\"elementor-heading-title elementor-size-default\">Vegan recipes and menus<\/h2>\t\t<\/div>\n\t\t\t\t<\/div>\n\t\t\t\t<div class=\"elementor-element elementor-element-c959da6 elementor-widget elementor-widget-text-editor\" data-id=\"c959da6\" data-element_type=\"widget\" data-widget_type=\"text-editor.default\">\n\t\t\t\t<div class=\"elementor-widget-container\">\n\t\t\t\t\t\t\t<p>I like to experiment. I have few dishes that I repeat and even then they vary. That's because, when I cook for myself and my loved ones, I make use of what I have in the fridge and keep an eye on the ingredients.<\/p><p>\u00a0<\/p>\t\t\t\t\t\t<\/div>\n\t\t\t\t<\/div>\n\t\t\t\t<div class=\"elementor-element elementor-element-6bfadff elementor-widget elementor-widget-image\" data-id=\"6bfadff\" data-element_type=\"widget\" data-widget_type=\"image.default\">\n\t\t\t\t<div class=\"elementor-widget-container\">\n\t\t\t\t\t\t\t\t\t\t\t\t\t<img fetchpriority=\"high\" decoding=\"async\" width=\"800\" height=\"291\" src=\"https:\/\/ib.eco\/wp-content\/uploads\/2024\/09\/ingrediente-1024x373.jpg\" class=\"attachment-large size-large wp-image-1228\" alt=\"Ingredients\" srcset=\"https:\/\/ib.eco\/wp-content\/uploads\/2024\/09\/ingrediente-1024x373.jpg 1024w, https:\/\/ib.eco\/wp-content\/uploads\/2024\/09\/ingrediente-300x109.jpg 300w, https:\/\/ib.eco\/wp-content\/uploads\/2024\/09\/ingrediente-768x280.jpg 768w, https:\/\/ib.eco\/wp-content\/uploads\/2024\/09\/ingrediente-1536x560.jpg 1536w, https:\/\/ib.eco\/wp-content\/uploads\/2024\/09\/ingrediente-2048x746.jpg 2048w, https:\/\/ib.eco\/wp-content\/uploads\/2024\/09\/ingrediente-18x7.jpg 18w\" sizes=\"(max-width: 800px) 100vw, 800px\" \/>\t\t\t\t\t\t\t\t\t\t\t\t\t<\/div>\n\t\t\t\t<\/div>\n\t\t\t\t<div class=\"elementor-element elementor-element-1c2a9dd elementor-widget elementor-widget-text-editor\" data-id=\"1c2a9dd\" data-element_type=\"widget\" data-widget_type=\"text-editor.default\">\n\t\t\t\t<div class=\"elementor-widget-container\">\n\t\t\t\t\t\t\t<p>But thanks to the vegan chef course, I learned the necessary skills to develop a recipe as per the book, starting from given criteria or ingredients.<\/p><p>A\u0219a c\u0103 pot crea re\u021bete \u0219i meniuri pentru localuri, organizatori de evenimente sau persoane care au nevoie de pu\u021bin ajutor \u00een buc\u0103t\u0103rie. Dac\u0103 te intereseaz\u0103 acest serviciu de consultan\u021b\u0103, po\u021bi completa <a href=\"#contact\">acest formular.<\/a><\/p>\t\t\t\t\t\t<\/div>\n\t\t\t\t<\/div>\n\t\t\t\t<div class=\"elementor-element elementor-element-760ee55 elementor-widget elementor-widget-heading\" data-id=\"760ee55\" data-element_type=\"widget\" data-widget_type=\"heading.default\">\n\t\t\t\t<div class=\"elementor-widget-container\">\n\t\t\t<h2 class=\"elementor-heading-title elementor-size-default\">Strategies for sustainable kitchens<\/h2>\t\t<\/div>\n\t\t\t\t<\/div>\n\t\t\t\t<div class=\"elementor-element elementor-element-f08accb elementor-widget elementor-widget-text-editor\" data-id=\"f08accb\" data-element_type=\"widget\" data-widget_type=\"text-editor.default\">\n\t\t\t\t<div class=\"elementor-widget-container\">\n\t\t\t\t\t\t\t<p>When I cook, I am guided by some principles integrated throughout my career in journalism, activism and environmental research.<\/p>\t\t\t\t\t\t<\/div>\n\t\t\t\t<\/div>\n\t\t\t\t<div class=\"elementor-element elementor-element-0470e83 elementor-widget elementor-widget-image\" data-id=\"0470e83\" data-element_type=\"widget\" data-widget_type=\"image.default\">\n\t\t\t\t<div class=\"elementor-widget-container\">\n\t\t\t\t\t\t\t\t\t\t\t\t\t<img decoding=\"async\" width=\"800\" height=\"272\" src=\"https:\/\/ib.eco\/wp-content\/uploads\/2024\/09\/zw-tools-1024x348.jpg\" class=\"attachment-large size-large wp-image-1229\" alt=\"Ustensile\" srcset=\"https:\/\/ib.eco\/wp-content\/uploads\/2024\/09\/zw-tools-1024x348.jpg 1024w, https:\/\/ib.eco\/wp-content\/uploads\/2024\/09\/zw-tools-300x102.jpg 300w, https:\/\/ib.eco\/wp-content\/uploads\/2024\/09\/zw-tools-768x261.jpg 768w, https:\/\/ib.eco\/wp-content\/uploads\/2024\/09\/zw-tools-1536x521.jpg 1536w, https:\/\/ib.eco\/wp-content\/uploads\/2024\/09\/zw-tools-18x6.jpg 18w, https:\/\/ib.eco\/wp-content\/uploads\/2024\/09\/zw-tools.jpg 1992w\" sizes=\"(max-width: 800px) 100vw, 800px\" \/>\t\t\t\t\t\t\t\t\t\t\t\t\t<\/div>\n\t\t\t\t<\/div>\n\t\t\t\t<div class=\"elementor-element elementor-element-4f8b602 elementor-widget elementor-widget-text-editor\" data-id=\"4f8b602\" data-element_type=\"widget\" data-widget_type=\"text-editor.default\">\n\t\t\t\t<div class=\"elementor-widget-container\">\n\t\t\t\t\t\t\t<p>I will mainly choose local and organic ingredients and only when it is not possible otherwise I will opt for packaged products. I reuse the ingredients that remain and what I can't save I turn into compost.<\/p><p>I have a holistic view of what a truly green kitchen could mean and would be happy to inspire others to adopt sustainable strategies. If you want to improve your kitchen practices, you can fill out the <a href=\"#contact\">form below<\/a><\/p>\t\t\t\t\t\t<\/div>\n\t\t\t\t<\/div>\n\t\t\t\t<div class=\"elementor-element elementor-element-9b66cd6 elementor-widget elementor-widget-heading\" data-id=\"9b66cd6\" data-element_type=\"widget\" data-widget_type=\"heading.default\">\n\t\t\t\t<div class=\"elementor-widget-container\">\n\t\t\t<h2 class=\"elementor-heading-title elementor-size-default\">Workshops and courses<\/h2>\t\t<\/div>\n\t\t\t\t<\/div>\n\t\t\t\t<div class=\"elementor-element elementor-element-082241f elementor-widget elementor-widget-text-editor\" data-id=\"082241f\" data-element_type=\"widget\" data-widget_type=\"text-editor.default\">\n\t\t\t\t<div class=\"elementor-widget-container\">\n\t\t\t\t\t\t\t<p>I've been cooking vegetarian for about 10 years, and vegan for about 6. I followed a vegan chefs course for 6 months with Day Radley, an experienced British vegan chef, and I practiced for 2 months in a predominantly plant-based restaurant .<\/p>\t\t\t\t\t\t<\/div>\n\t\t\t\t<\/div>\n\t\t\t\t<div class=\"elementor-element elementor-element-442c0d2 elementor-widget elementor-widget-image\" data-id=\"442c0d2\" data-element_type=\"widget\" data-widget_type=\"image.default\">\n\t\t\t\t<div class=\"elementor-widget-container\">\n\t\t\t\t\t\t\t\t\t\t\t\t\t<img decoding=\"async\" width=\"800\" height=\"216\" src=\"https:\/\/ib.eco\/wp-content\/uploads\/2024\/09\/Creme-brulee-workshop-1024x276.jpg\" class=\"attachment-large size-large wp-image-1230\" alt=\"Workshop\" srcset=\"https:\/\/ib.eco\/wp-content\/uploads\/2024\/09\/Creme-brulee-workshop-1024x276.jpg 1024w, https:\/\/ib.eco\/wp-content\/uploads\/2024\/09\/Creme-brulee-workshop-300x81.jpg 300w, https:\/\/ib.eco\/wp-content\/uploads\/2024\/09\/Creme-brulee-workshop-768x207.jpg 768w, https:\/\/ib.eco\/wp-content\/uploads\/2024\/09\/Creme-brulee-workshop-18x5.jpg 18w, https:\/\/ib.eco\/wp-content\/uploads\/2024\/09\/Creme-brulee-workshop.jpg 1280w\" sizes=\"(max-width: 800px) 100vw, 800px\" \/>\t\t\t\t\t\t\t\t\t\t\t\t\t<\/div>\n\t\t\t\t<\/div>\n\t\t\t\t<div class=\"elementor-element elementor-element-1e9143b elementor-widget elementor-widget-text-editor\" data-id=\"1e9143b\" data-element_type=\"widget\" data-widget_type=\"text-editor.default\">\n\t\t\t\t<div class=\"elementor-widget-container\">\n\t\t\t\t\t\t\t<p>I would be delighted to be able to share the knowledge gained, in workshops on specific topics or in somewhat longer courses. If you would be interested in a workshop or a course, please leave me a message using the form below.<\/p>\t\t\t\t\t\t<\/div>\n\t\t\t\t<\/div>\n\t\t\t\t<div class=\"elementor-element elementor-element-ca894b2 elementor-widget elementor-widget-heading\" data-id=\"ca894b2\" data-element_type=\"widget\" data-widget_type=\"heading.default\">\n\t\t\t\t<div class=\"elementor-widget-container\">\n\t\t\t<h2 class=\"elementor-heading-title elementor-size-default\">What people I've worked with say<\/h2>\t\t<\/div>\n\t\t\t\t<\/div>\n\t\t<div class=\"elementor-element elementor-element-cefc3fb e-flex e-con-boxed e-con e-child\" data-id=\"cefc3fb\" data-element_type=\"container\" data-settings=\"{&quot;background_background&quot;:&quot;classic&quot;}\">\n\t\t\t\t\t<div class=\"e-con-inner\">\n\t\t<div class=\"elementor-element elementor-element-60dfb7b e-flex e-con-boxed e-con e-child\" data-id=\"60dfb7b\" data-element_type=\"container\">\n\t\t\t\t\t<div class=\"e-con-inner\">\n\t\t\t\t<div class=\"elementor-element elementor-element-0a9dc4f elementor-widget__width-initial elementor-widget elementor-widget-image\" data-id=\"0a9dc4f\" data-element_type=\"widget\" data-widget_type=\"image.default\">\n\t\t\t\t<div class=\"elementor-widget-container\">\n\t\t\t\t\t\t\t\t\t\t\t\t\t<img loading=\"lazy\" decoding=\"async\" width=\"576\" height=\"1024\" src=\"https:\/\/ib.eco\/wp-content\/uploads\/2024\/09\/WhatsApp-Image-2024-09-30-at-09.10.35-576x1024.jpeg\" class=\"attachment-large size-large wp-image-1251\" alt=\"\" srcset=\"https:\/\/ib.eco\/wp-content\/uploads\/2024\/09\/WhatsApp-Image-2024-09-30-at-09.10.35-576x1024.jpeg 576w, https:\/\/ib.eco\/wp-content\/uploads\/2024\/09\/WhatsApp-Image-2024-09-30-at-09.10.35-169x300.jpeg 169w, https:\/\/ib.eco\/wp-content\/uploads\/2024\/09\/WhatsApp-Image-2024-09-30-at-09.10.35-768x1365.jpeg 768w, https:\/\/ib.eco\/wp-content\/uploads\/2024\/09\/WhatsApp-Image-2024-09-30-at-09.10.35-864x1536.jpeg 864w, https:\/\/ib.eco\/wp-content\/uploads\/2024\/09\/WhatsApp-Image-2024-09-30-at-09.10.35-7x12.jpeg 7w, https:\/\/ib.eco\/wp-content\/uploads\/2024\/09\/WhatsApp-Image-2024-09-30-at-09.10.35.jpeg 1152w\" sizes=\"(max-width: 576px) 100vw, 576px\" \/>\t\t\t\t\t\t\t\t\t\t\t\t\t<\/div>\n\t\t\t\t<\/div>\n\t\t\t\t<div class=\"elementor-element elementor-element-28c5ea5 elementor-widget elementor-widget-heading\" data-id=\"28c5ea5\" data-element_type=\"widget\" data-widget_type=\"heading.default\">\n\t\t\t\t<div class=\"elementor-widget-container\">\n\t\t\t<p class=\"elementor-heading-title elementor-size-default\">Irina Bujor <br><br>\nBusiness consultant, entrepreneur<\/p>\t\t<\/div>\n\t\t\t\t<\/div>\n\t\t\t\t\t<\/div>\n\t\t\t\t<\/div>\n\t\t<div class=\"elementor-element elementor-element-9360027 e-flex e-con-boxed e-con e-child\" data-id=\"9360027\" data-element_type=\"container\">\n\t\t\t\t\t<div class=\"e-con-inner\">\n\t\t\t\t<div class=\"elementor-element elementor-element-078b181 elementor-widget__width-initial elementor-widget elementor-widget-text-editor\" data-id=\"078b181\" data-element_type=\"widget\" data-widget_type=\"text-editor.default\">\n\t\t\t\t<div class=\"elementor-widget-container\">\n\t\t\t\t\t\t\t<p>For me, as someone raised on meat and potatoes and eager for diversity for over 10 years, Irina's kitchen is an endless source of inspiration, information, and creativity! I always get new ideas for ingredients, inspiration for unexpected recipes, lots of skill and culinary know-how, and room for exploration and imperfections. Love it and would always recommend it!<\/p>\t\t\t\t\t\t<\/div>\n\t\t\t\t<\/div>\n\t\t\t\t\t<\/div>\n\t\t\t\t<\/div>\n\t\t\t\t\t<\/div>\n\t\t\t\t<\/div>\n\t\t<div class=\"elementor-element elementor-element-7b38497 e-flex e-con-boxed e-con e-child\" data-id=\"7b38497\" data-element_type=\"container\" data-settings=\"{&quot;background_background&quot;:&quot;classic&quot;}\">\n\t\t\t\t\t<div class=\"e-con-inner\">\n\t\t<div class=\"elementor-element elementor-element-1c38f37 e-flex e-con-boxed e-con e-child\" data-id=\"1c38f37\" data-element_type=\"container\">\n\t\t\t\t\t<div class=\"e-con-inner\">\n\t\t\t\t<div class=\"elementor-element elementor-element-fa247b3 elementor-widget__width-initial elementor-widget elementor-widget-image\" data-id=\"fa247b3\" data-element_type=\"widget\" data-widget_type=\"image.default\">\n\t\t\t\t<div class=\"elementor-widget-container\">\n\t\t\t\t\t\t\t\t\t\t\t\t\t<img loading=\"lazy\" decoding=\"async\" width=\"800\" height=\"993\" src=\"https:\/\/ib.eco\/wp-content\/uploads\/2024\/09\/vlad0-825x1024.jpg\" class=\"attachment-large size-large wp-image-1257\" alt=\"\" srcset=\"https:\/\/ib.eco\/wp-content\/uploads\/2024\/09\/vlad0-825x1024.jpg 825w, https:\/\/ib.eco\/wp-content\/uploads\/2024\/09\/vlad0-242x300.jpg 242w, https:\/\/ib.eco\/wp-content\/uploads\/2024\/09\/vlad0-768x954.jpg 768w, https:\/\/ib.eco\/wp-content\/uploads\/2024\/09\/vlad0-10x12.jpg 10w, https:\/\/ib.eco\/wp-content\/uploads\/2024\/09\/vlad0.jpg 960w\" sizes=\"(max-width: 800px) 100vw, 800px\" \/>\t\t\t\t\t\t\t\t\t\t\t\t\t<\/div>\n\t\t\t\t<\/div>\n\t\t\t\t<div class=\"elementor-element elementor-element-8b4586d elementor-widget elementor-widget-heading\" data-id=\"8b4586d\" data-element_type=\"widget\" data-widget_type=\"heading.default\">\n\t\t\t\t<div class=\"elementor-widget-container\">\n\t\t\t<p class=\"elementor-heading-title elementor-size-default\">Vlad Dumitrescu <br><br>\nProgrammer, musician<\/p>\t\t<\/div>\n\t\t\t\t<\/div>\n\t\t\t\t\t<\/div>\n\t\t\t\t<\/div>\n\t\t<div class=\"elementor-element elementor-element-70f2660 e-flex e-con-boxed e-con e-child\" data-id=\"70f2660\" data-element_type=\"container\">\n\t\t\t\t\t<div class=\"e-con-inner\">\n\t\t\t\t<div class=\"elementor-element elementor-element-b1c9c89 elementor-widget__width-initial elementor-widget elementor-widget-text-editor\" data-id=\"b1c9c89\" data-element_type=\"widget\" data-widget_type=\"text-editor.default\">\n\t\t\t\t<div class=\"elementor-widget-container\">\n\t\t\t\t\t\t\t<p>I was amazed by how flavorful and satisfying vegan food can be. Every dish prepared was an explosion of flavors, with all the ingredients fresh and perfectly combined. I highly recommend it to anyone looking to discover a different side of cuisine.<\/p>\t\t\t\t\t\t<\/div>\n\t\t\t\t<\/div>\n\t\t\t\t\t<\/div>\n\t\t\t\t<\/div>\n\t\t\t\t\t<\/div>\n\t\t\t\t<\/div>\n\t\t<div class=\"elementor-element elementor-element-96e14f9 e-flex e-con-boxed e-con e-child\" data-id=\"96e14f9\" data-element_type=\"container\" data-settings=\"{&quot;background_background&quot;:&quot;classic&quot;}\">\n\t\t\t\t\t<div class=\"e-con-inner\">\n\t\t<div class=\"elementor-element elementor-element-9efc35c e-flex e-con-boxed e-con e-child\" data-id=\"9efc35c\" data-element_type=\"container\">\n\t\t\t\t\t<div class=\"e-con-inner\">\n\t\t\t\t<div class=\"elementor-element elementor-element-ea74cbc elementor-widget__width-initial elementor-widget elementor-widget-image\" data-id=\"ea74cbc\" data-element_type=\"widget\" data-widget_type=\"image.default\">\n\t\t\t\t<div class=\"elementor-widget-container\">\n\t\t\t\t\t\t\t\t\t\t\t\t\t<img loading=\"lazy\" decoding=\"async\" width=\"555\" height=\"694\" src=\"https:\/\/ib.eco\/wp-content\/uploads\/2024\/09\/WhatsApp-Image-2024-09-30-at-09.31.56.jpeg\" class=\"attachment-large size-large wp-image-1253\" alt=\"\" srcset=\"https:\/\/ib.eco\/wp-content\/uploads\/2024\/09\/WhatsApp-Image-2024-09-30-at-09.31.56.jpeg 555w, https:\/\/ib.eco\/wp-content\/uploads\/2024\/09\/WhatsApp-Image-2024-09-30-at-09.31.56-240x300.jpeg 240w, https:\/\/ib.eco\/wp-content\/uploads\/2024\/09\/WhatsApp-Image-2024-09-30-at-09.31.56-10x12.jpeg 10w\" sizes=\"(max-width: 555px) 100vw, 555px\" \/>\t\t\t\t\t\t\t\t\t\t\t\t\t<\/div>\n\t\t\t\t<\/div>\n\t\t\t\t<div class=\"elementor-element elementor-element-c241fb6 elementor-widget elementor-widget-heading\" data-id=\"c241fb6\" data-element_type=\"widget\" data-widget_type=\"heading.default\">\n\t\t\t\t<div class=\"elementor-widget-container\">\n\t\t\t<p class=\"elementor-heading-title elementor-size-default\">Laura \u021aencaliuc <br><br>\nPR specialist, environmental activist<\/p>\t\t<\/div>\n\t\t\t\t<\/div>\n\t\t\t\t\t<\/div>\n\t\t\t\t<\/div>\n\t\t<div class=\"elementor-element elementor-element-e20e719 e-flex e-con-boxed e-con e-child\" data-id=\"e20e719\" data-element_type=\"container\">\n\t\t\t\t\t<div class=\"e-con-inner\">\n\t\t\t\t<div class=\"elementor-element elementor-element-987a877 elementor-widget__width-initial elementor-widget elementor-widget-text-editor\" data-id=\"987a877\" data-element_type=\"widget\" data-widget_type=\"text-editor.default\">\n\t\t\t\t<div class=\"elementor-widget-container\">\n\t\t\t\t\t\t\t<p>I attended one of Irina's vegan cooking workshops, and besides tasting rhubarb for the first time, I really loved the final result. I was inspired by Irina's attention to each ingredient and the fact that she's also concerned with composting food scraps.<\/p>\t\t\t\t\t\t<\/div>\n\t\t\t\t<\/div>\n\t\t\t\t\t<\/div>\n\t\t\t\t<\/div>\n\t\t\t\t\t<\/div>\n\t\t\t\t<\/div>\n\t\t\t\t\t<\/div>\n\t\t\t\t<\/div>\n\t\t<div class=\"elementor-element elementor-element-bd42ed8 e-flex e-con-boxed e-con e-parent\" data-id=\"bd42ed8\" data-element_type=\"container\" id=\"contact\">\n\t\t\t\t\t<div class=\"e-con-inner\">\n\t\t<div class=\"elementor-element elementor-element-0103239 e-flex e-con-boxed e-con e-child\" data-id=\"0103239\" data-element_type=\"container\">\n\t\t\t\t\t<div class=\"e-con-inner\">\n\t\t\t\t<div class=\"elementor-element elementor-element-2c17747 elementor-widget__width-initial elementor-widget elementor-widget-image\" data-id=\"2c17747\" data-element_type=\"widget\" data-widget_type=\"image.default\">\n\t\t\t\t<div class=\"elementor-widget-container\">\n\t\t\t\t\t\t\t\t\t\t\t\t\t<img loading=\"lazy\" decoding=\"async\" width=\"633\" height=\"725\" src=\"https:\/\/ib.eco\/wp-content\/uploads\/2024\/03\/avatar.jpg\" class=\"attachment-large size-large wp-image-122\" alt=\"\" srcset=\"https:\/\/ib.eco\/wp-content\/uploads\/2024\/03\/avatar.jpg 633w, https:\/\/ib.eco\/wp-content\/uploads\/2024\/03\/avatar-262x300.jpg 262w, https:\/\/ib.eco\/wp-content\/uploads\/2024\/03\/avatar-10x12.jpg 10w\" sizes=\"(max-width: 633px) 100vw, 633px\" \/>\t\t\t\t\t\t\t\t\t\t\t\t\t<\/div>\n\t\t\t\t<\/div>\n\t\t<div class=\"elementor-element elementor-element-21170a9 e-con-full e-flex e-con e-child\" data-id=\"21170a9\" data-element_type=\"container\">\n\t\t\t\t<div class=\"elementor-element elementor-element-b0dcc7d elementor-widget elementor-widget-heading\" data-id=\"b0dcc7d\" data-element_type=\"widget\" data-widget_type=\"heading.default\">\n\t\t\t\t<div class=\"elementor-widget-container\">\n\t\t\t<h3 class=\"elementor-heading-title elementor-size-default\">Get in touch with me!<\/h3>\t\t<\/div>\n\t\t\t\t<\/div>\n\t\t\t\t<div class=\"elementor-element elementor-element-f0a2f0d elementor-widget elementor-widget-heading\" data-id=\"f0a2f0d\" data-element_type=\"widget\" data-widget_type=\"heading.default\">\n\t\t\t\t<div class=\"elementor-widget-container\">\n\t\t\t<p class=\"elementor-heading-title elementor-size-default\">To make it easier, please fill out the form with the service you're interested in and a few details about yourself. <\/p>\t\t<\/div>\n\t\t\t\t<\/div>\n\t\t\t\t<\/div>\n\t\t\t\t\t<\/div>\n\t\t\t\t<\/div>\n\t\t\t\t\t<\/div>\n\t\t\t\t<\/div>\n\t\t<div class=\"elementor-element elementor-element-a2a1854 e-flex e-con-boxed e-con e-parent\" data-id=\"a2a1854\" data-element_type=\"container\">\n\t\t\t\t\t<div class=\"e-con-inner\">\n\t\t\t\t<div class=\"elementor-element elementor-element-21918f4 elementor-button-align-stretch elementor-widget elementor-widget-form\" data-id=\"21918f4\" data-element_type=\"widget\" data-settings=\"{&quot;step_next_label&quot;:&quot;Next&quot;,&quot;step_previous_label&quot;:&quot;Previous&quot;,&quot;button_width&quot;:&quot;100&quot;,&quot;step_type&quot;:&quot;number_text&quot;,&quot;step_icon_shape&quot;:&quot;circle&quot;}\" data-widget_type=\"form.default\">\n\t\t\t\t<div class=\"elementor-widget-container\">\n\t\t\t\t\t<form class=\"elementor-form\" method=\"post\" name=\"Formular Consultanta\" action=\"\">\n\t\t\t<input type=\"hidden\" name=\"post_id\" value=\"110\"\/>\n\t\t\t<input type=\"hidden\" name=\"form_id\" value=\"21918f4\"\/>\n\t\t\t<input type=\"hidden\" name=\"referer_title\" value=\"\" \/>\n\n\t\t\t\n\t\t\t<div class=\"elementor-form-fields-wrapper elementor-labels-above\">\n\t\t\t\t\t\t\t\t<div class=\"elementor-field-type-text elementor-field-group elementor-column elementor-field-group-name elementor-col-100\">\n\t\t\t\t\t\t\t\t\t\t\t\t<label for=\"form-field-name\" class=\"elementor-field-label\">\n\t\t\t\t\t\t\t\tName\t\t\t\t\t\t\t<\/label>\n\t\t\t\t\t\t\t\t\t\t\t\t\t\t<input size=\"1\" type=\"text\" name=\"form_fields[name]\" id=\"form-field-name\" class=\"elementor-field elementor-size-md  elementor-field-textual\" placeholder=\"Ion Popescu\">\n\t\t\t\t\t\t\t\t\t\t\t<\/div>\n\t\t\t\t\t\t\t\t<div class=\"elementor-field-type-email elementor-field-group elementor-column elementor-field-group-email elementor-col-100 elementor-field-required\">\n\t\t\t\t\t\t\t\t\t\t\t\t<label for=\"form-field-email\" class=\"elementor-field-label\">\n\t\t\t\t\t\t\t\tEmail\t\t\t\t\t\t\t<\/label>\n\t\t\t\t\t\t\t\t\t\t\t\t\t\t<input size=\"1\" type=\"email\" name=\"form_fields[email]\" id=\"form-field-email\" class=\"elementor-field elementor-size-md  elementor-field-textual\" placeholder=\"popescu@domain.com\" required=\"required\" aria-required=\"true\">\n\t\t\t\t\t\t\t\t\t\t\t<\/div>\n\t\t\t\t\t\t\t\t<div class=\"elementor-field-type-textarea elementor-field-group elementor-column elementor-field-group-message elementor-col-100\">\n\t\t\t\t\t\t\t\t\t\t\t\t<label for=\"form-field-message\" class=\"elementor-field-label\">\n\t\t\t\t\t\t\t\tMessage\t\t\t\t\t\t\t<\/label>\n\t\t\t\t\t\t<textarea class=\"elementor-field-textual elementor-field  elementor-size-md\" name=\"form_fields[message]\" id=\"form-field-message\" rows=\"4\" placeholder=\"Write me a little about yourself and what is the service you need...\"><\/textarea>\t\t\t\t<\/div>\n\t\t\t\t\t\t\t\t<div class=\"elementor-field-group elementor-column elementor-field-type-submit elementor-col-100 e-form__buttons\">\n\t\t\t\t\t<button class=\"elementor-button elementor-size-md\" type=\"submit\">\n\t\t\t\t\t\t<span class=\"elementor-button-content-wrapper\">\n\t\t\t\t\t\t\t\t\t\t\t\t\t\t\t\t\t\t\t\t\t\t<span class=\"elementor-button-text\">Send message<\/span>\n\t\t\t\t\t\t\t\t\t\t\t\t\t<\/span>\n\t\t\t\t\t<\/button>\n\t\t\t\t<\/div>\n\t\t\t<\/div>\n\t\t<input type=\"hidden\" name=\"trp-form-language\" value=\"en\"\/><\/form>\n\t\t\t\t<\/div>\n\t\t\t\t<\/div>\n\t\t\t\t\t<\/div>\n\t\t\t\t<\/div>\n\t\t\t\t<\/div>","protected":false},"excerpt":{"rendered":"<p>Re\u021bete \u0219i meniuri vegane \u00cemi place s\u0103 experimentez. Am pu\u021bine feluri de m\u00e2ncare pe care le repet \u0219i chiar \u0219i atunci variaz\u0103. Asta pentru c\u0103, atunci c\u00e2nd g\u0103tesc pentru mine \u0219i cei dragi, valorific ce am prin frigider \u0219i pun din ochi ingredientele. \u00a0 Dar, datorit\u0103 cursului de vegan chef, am deprins abilit\u0103\u021bile necesare pentru [&hellip;]<\/p>","protected":false},"author":2,"featured_media":0,"parent":0,"menu_order":0,"comment_status":"closed","ping_status":"closed","template":"","meta":{"_kad_blocks_custom_css":"","_kad_blocks_head_custom_js":"","_kad_blocks_body_custom_js":"","_kad_blocks_footer_custom_js":"","footnotes":""},"folder":[],"class_list":["post-110","page","type-page","status-publish","hentry"],"taxonomy_info":[],"featured_image_src_large":false,"author_info":{"display_name":"Irina","author_link":"https:\/\/ib.eco\/en\/author\/irina\/"},"comment_info":0,"_links":{"self":[{"href":"https:\/\/ib.eco\/en\/wp-json\/wp\/v2\/pages\/110","targetHints":{"allow":["GET"]}}],"collection":[{"href":"https:\/\/ib.eco\/en\/wp-json\/wp\/v2\/pages"}],"about":[{"href":"https:\/\/ib.eco\/en\/wp-json\/wp\/v2\/types\/page"}],"author":[{"embeddable":true,"href":"https:\/\/ib.eco\/en\/wp-json\/wp\/v2\/users\/2"}],"replies":[{"embeddable":true,"href":"https:\/\/ib.eco\/en\/wp-json\/wp\/v2\/comments?post=110"}],"version-history":[{"count":0,"href":"https:\/\/ib.eco\/en\/wp-json\/wp\/v2\/pages\/110\/revisions"}],"wp:attachment":[{"href":"https:\/\/ib.eco\/en\/wp-json\/wp\/v2\/media?parent=110"}],"wp:term":[{"taxonomy":"folder","embeddable":true,"href":"https:\/\/ib.eco\/en\/wp-json\/wp\/v2\/folder?post=110"}],"curies":[{"name":"wp","href":"https:\/\/api.w.org\/{rel}","templated":true}]}}