{"id":98,"date":"2024-03-03T01:47:11","date_gmt":"2024-03-03T01:47:11","guid":{"rendered":"https:\/\/ib.eco\/?page_id=98"},"modified":"2024-08-06T19:03:43","modified_gmt":"2024-08-06T19:03:43","slug":"despre","status":"publish","type":"page","link":"https:\/\/ib.eco\/en\/about\/","title":{"rendered":"About"},"content":{"rendered":"<div data-elementor-type=\"wp-page\" data-elementor-id=\"98\" class=\"elementor elementor-98\" data-elementor-post-type=\"page\">\n\t\t\t\t<div class=\"elementor-element elementor-element-e529d08 e-flex e-con-boxed e-con e-parent\" data-id=\"e529d08\" data-element_type=\"container\">\n\t\t\t\t\t<div class=\"e-con-inner\">\n\t\t<div class=\"elementor-element elementor-element-67bb550 e-con-full e-flex e-con e-child\" data-id=\"67bb550\" data-element_type=\"container\">\n\t\t\t\t<div class=\"elementor-element elementor-element-976c016 elementor-widget elementor-widget-heading\" data-id=\"976c016\" data-element_type=\"widget\" data-widget_type=\"heading.default\">\n\t\t\t\t<div class=\"elementor-widget-container\">\n\t\t\t<h1 class=\"elementor-heading-title elementor-size-default\">The road towards becoming a vegan food creator<\/h1>\t\t<\/div>\n\t\t\t\t<\/div>\n\t\t\t\t<div class=\"elementor-element elementor-element-4344821 elementor-widget elementor-widget-text-editor\" data-id=\"4344821\" data-element_type=\"widget\" data-widget_type=\"text-editor.default\">\n\t\t\t\t<div class=\"elementor-widget-container\">\n\t\t\t\t\t\t\t<p>My relationship with food has changed radically throughout my life. As I child, I used to throw away out the window the food that I was supposed to eat while my parents were at work. I hated vegetables and took them out of the soup and I have always asked my mum to use less onion.<\/p><p>In college, I started cooking in the badly equipped common kitchen of the dormitory. During an ERASMUS stage in Nantes (France), I started to integrate vegetables into my diet, due to food waste and financial concerns (students could benefit from an anti-food waste project that was redistributing nearly expired products for very little money).<\/p>\t\t\t\t\t\t<\/div>\n\t\t\t\t<\/div>\n\t\t\t\t<\/div>\n\t\t<div class=\"elementor-element elementor-element-44a0118 e-con-full e-flex e-con e-child\" data-id=\"44a0118\" data-element_type=\"container\">\n\t\t\t\t<div class=\"elementor-element elementor-element-b9f0a9d elementor-widget elementor-widget-image\" data-id=\"b9f0a9d\" data-element_type=\"widget\" data-widget_type=\"image.default\">\n\t\t\t\t<div class=\"elementor-widget-container\">\n\t\t\t\t\t\t\t\t\t\t\t\t\t<img fetchpriority=\"high\" decoding=\"async\" width=\"800\" height=\"564\" src=\"https:\/\/ib.eco\/wp-content\/uploads\/2024\/08\/Diploma-Curs-Vegan-Chef.png\" class=\"attachment-large size-large wp-image-1147\" alt=\"\" srcset=\"https:\/\/ib.eco\/wp-content\/uploads\/2024\/08\/Diploma-Curs-Vegan-Chef.png 826w, https:\/\/ib.eco\/wp-content\/uploads\/2024\/08\/Diploma-Curs-Vegan-Chef-300x211.png 300w, https:\/\/ib.eco\/wp-content\/uploads\/2024\/08\/Diploma-Curs-Vegan-Chef-768x541.png 768w, https:\/\/ib.eco\/wp-content\/uploads\/2024\/08\/Diploma-Curs-Vegan-Chef-18x12.png 18w\" sizes=\"(max-width: 800px) 100vw, 800px\" \/>\t\t\t\t\t\t\t\t\t\t\t\t\t<\/div>\n\t\t\t\t<\/div>\n\t\t\t\t<\/div>\n\t\t\t\t\t<\/div>\n\t\t\t\t<\/div>\n\t\t<div class=\"elementor-element elementor-element-f352c6a e-flex e-con-boxed e-con e-parent\" data-id=\"f352c6a\" data-element_type=\"container\">\n\t\t\t\t\t<div class=\"e-con-inner\">\n\t\t\t\t<div class=\"elementor-element elementor-element-7bc565f elementor-widget elementor-widget-text-editor\" data-id=\"7bc565f\" data-element_type=\"widget\" data-widget_type=\"text-editor.default\">\n\t\t\t\t<div class=\"elementor-widget-container\">\n\t\t\t\t\t\t\t<p>A few years later, food waste and food in general would become a subject of my articles. As a CSR and environmental journalist, I have written about dozens of studies related to the impact of food throughout its life cycle: production, processing, transportation and disposal. I have organized several conferences on food waste, I have analyzed the sustainability reports of agri-food corporations, and watched heartbreaking documentaries about the animal industry and industrialized agriculture.<\/p><p>What I discovered had greatly impacted my lifestyle. I became ovo-lacto-pesco-vegetarian at first (around 2013, I think), then I adopted a vegan diet (around 2019). Since then, I have also had a few deviations:\u00a0<span style=\"color: var( --e-global-color-text ); text-align: var(--text-align); font-size: 1rem;\">during one of the depressive periods I faced during the pandemic, I used to buy already cooked, ovo-lacto-vegetarian food from the supermarket;<\/span><span style=\"color: var( --e-global-color-text ); text-align: var(--text-align); font-size: 1rem;\">also, during my internship at a plant based restaurant, I ate desserts made with honey, which attracted criticism of hypocrisy, because I was advocating to give up using it altogether.<\/span><\/p><p>Moving closer to the present moment, I graduated in 2023 from a course for professional chefs with vegan chef Day Radley from the UK, a course accredited by\u00a0<span style=\"background-color: transparent; color: #000000; font-size: medium; text-align: var(--text-align);\">the Independent Cookery Schools Association \"ICSA\" (the only UK cookery school accrediting institution). I'm currently close to completing a food photography course at the same school and really struggling to progress with a nutrition course as well.<\/span><\/p><p><span style=\"color: #000000; font-size: medium;\">In a nutshell, these are the experiences that led me to cook the way I do today. I should also add that I strive to stick to the principles of zero waste cooking and living. I was better at it a few years ago, but I am still managing to avoid most of the packaging, by buying ingredients from the only zero waste shop in Bucharest, but also from local producers of organic or regenerative vegetables, such as bio&amp;co and Sol si sufet. I am really proud that I manage to avoid sending food scraps to landfill, instead turning them into compost.\u00a0<\/span><\/p><p><span style=\"color: #000000; font-size: medium;\">I hope to inspire you and maybe determine you to integrate more plants into your diet, but also to transform your cooking and eating habits into more sustainable ones.<\/span><\/p>\t\t\t\t\t\t<\/div>\n\t\t\t\t<\/div>\n\t\t\t\t\t<\/div>\n\t\t\t\t<\/div>\n\t\t<div class=\"elementor-element elementor-element-95ac307 e-flex e-con-boxed e-con e-parent\" data-id=\"95ac307\" data-element_type=\"container\" data-settings=\"{&quot;background_background&quot;:&quot;classic&quot;}\">\n\t\t\t\t\t<div class=\"e-con-inner\">\n\t\t\t\t<div class=\"elementor-element elementor-element-b29a4d8 elementor-widget elementor-widget-heading\" data-id=\"b29a4d8\" data-element_type=\"widget\" data-widget_type=\"heading.default\">\n\t\t\t\t<div class=\"elementor-widget-container\">\n\t\t\t<h2 class=\"elementor-heading-title elementor-size-default\">Recent recipes<\/h2>\t\t<\/div>\n\t\t\t\t<\/div>\n\t\t\t\t<div class=\"elementor-element elementor-element-36c2b02 elementor-widget elementor-widget-text-editor\" data-id=\"36c2b02\" data-element_type=\"widget\" data-widget_type=\"text-editor.default\">\n\t\t\t\t<div class=\"elementor-widget-container\">\n\t\t\t\t\t\t\t<p>I love to cook and also enjoy vegan food prepared by others. So I thought I'd share with you both my own recipes and my thoughts on what I find to eat around town.<\/p>\t\t\t\t\t\t<\/div>\n\t\t\t\t<\/div>\n\t\t\t\t<div class=\"elementor-element elementor-element-e1ace8c elementor-widget elementor-widget-dr-recipe-posts\" data-id=\"e1ace8c\" data-element_type=\"widget\" data-widget_type=\"dr-recipe-posts.default\">\n\t\t\t\t<div class=\"elementor-widget-container\">\n\t\t\t\t\t<div class=\"dr-widget\">\n\t\t\t<div class=\"dr-widgetBlock_row dr_columns-2-lg dr_columns-2-md dr_columns-1\">\n\t\t\t\t<div class=\"dr_column\">\n\t<div class=\"dr-widgetBlock_recipe-post l3rp\">\n\t\t\t\t\t<div class=\"dr-widgetBlock_fig-wrap\">\n\t\t\t\t<a href=\"https:\/\/ib.eco\/en\/recipe\/kombucha-bautura-plina-de-probiotice\/\" class=\"dr-widgetBlock_recipe-link\">\n\t\t\t\t\t<img decoding=\"async\" width=\"800\" height=\"450\" src=\"https:\/\/ib.eco\/wp-content\/uploads\/2024\/10\/461518955_8686528808048530_6388579200468109584_n-1024x576.jpg\" class=\"attachment-large size-large wp-post-image\" alt=\"Kombucha\" srcset=\"https:\/\/ib.eco\/wp-content\/uploads\/2024\/10\/461518955_8686528808048530_6388579200468109584_n-1024x576.jpg 1024w, https:\/\/ib.eco\/wp-content\/uploads\/2024\/10\/461518955_8686528808048530_6388579200468109584_n-300x169.jpg 300w, https:\/\/ib.eco\/wp-content\/uploads\/2024\/10\/461518955_8686528808048530_6388579200468109584_n-768x432.jpg 768w, https:\/\/ib.eco\/wp-content\/uploads\/2024\/10\/461518955_8686528808048530_6388579200468109584_n-1536x864.jpg 1536w, https:\/\/ib.eco\/wp-content\/uploads\/2024\/10\/461518955_8686528808048530_6388579200468109584_n-18x10.jpg 18w, https:\/\/ib.eco\/wp-content\/uploads\/2024\/10\/461518955_8686528808048530_6388579200468109584_n.jpg 1904w\" sizes=\"(max-width: 800px) 100vw, 800px\" \/>\t\t\t\t<\/a>\n\t\t\t<\/div>\n\t\t\n\t\t<div class=\"dr-widgetBlock_content-wrap\">\n\t\t\t\n\t\t\t\n\t\t\t\t\t\t\t<h3 class=\"dr_title\">\n\t\t\t\t\t<a href=\"https:\/\/ib.eco\/en\/recipe\/kombucha-bautura-plina-de-probiotice\/\">Kombucha, b\u0103utura plin\u0103 de probiotice<\/a>\n\t\t\t\t<\/h3>\n\t\t\t\n\t\t\t<div class=\"dr_meta-content\" data-separator=\"dot\">\n\t\t\t\t<div class=\"dr_meta-items\">\n\t\t\t\t\t\n\t\t\t\t\t\n\t\t\t\t\t\t\t\t\t<\/div>\n\t\t\t<\/div>\n\n\t\t\t\n\t\t\t<div class=\"dr_footer-meta\" style=\"--dr_meta-margin: 30px 0 0;\">\n\t\t\t\t<div class=\"dr_footer-meta-container\">\n\t\t\t\t\t<div class=\"dr_meta-content\">\n\t\t\t\t\t\t<div class=\"dr_meta-items\">\n\t\t\t\t\t\t\t\t\t\t\t\t\t\t\t<span class=\"dr_meta-item dr_meta-duration\">\n\t\t\t\t\t\t\t\t\t130 hrs 20 mins\t\t\t\t\t\t\t\t<\/span>\n\t\t\t\t\t\t\t\n\t\t\t\t\t\t\t\t\t\t\t\t\t\t\t<span class=\"dr_meta-item dr_meta-level\">\n\t\t\t\t\t\t\t\t\tBeginner\t\t\t\t\t\t\t\t<\/span>\n\t\t\t\t\t\t\t\n\t\t\t\t\t\t\t\t\t\t\t\t\t<\/div>\n\t\t\t\t\t<\/div>\n\t\t\t\t<\/div>\n\t\t\t<\/div>\n\n\t\t<\/div>\n\t<\/div>\n<\/div>\n<div class=\"dr_column\">\n\t<div class=\"dr-widgetBlock_recipe-post l3rp\">\n\t\t\t\t\t<div class=\"dr-widgetBlock_fig-wrap\">\n\t\t\t\t<a href=\"https:\/\/ib.eco\/en\/recipe\/cashew-yoghurt-creamy-but-sinful\/\" class=\"dr-widgetBlock_recipe-link\">\n\t\t\t\t\t<img decoding=\"async\" width=\"683\" height=\"1024\" src=\"https:\/\/ib.eco\/wp-content\/uploads\/2024\/09\/A7405418_edit-683x1024.jpg\" class=\"attachment-large size-large wp-post-image\" alt=\"Iaurt de caju\" srcset=\"https:\/\/ib.eco\/wp-content\/uploads\/2024\/09\/A7405418_edit-683x1024.jpg 683w, https:\/\/ib.eco\/wp-content\/uploads\/2024\/09\/A7405418_edit-200x300.jpg 200w, https:\/\/ib.eco\/wp-content\/uploads\/2024\/09\/A7405418_edit-768x1152.jpg 768w, https:\/\/ib.eco\/wp-content\/uploads\/2024\/09\/A7405418_edit-1024x1536.jpg 1024w, https:\/\/ib.eco\/wp-content\/uploads\/2024\/09\/A7405418_edit-1365x2048.jpg 1365w, https:\/\/ib.eco\/wp-content\/uploads\/2024\/09\/A7405418_edit-8x12.jpg 8w, https:\/\/ib.eco\/wp-content\/uploads\/2024\/09\/A7405418_edit-scaled.jpg 1707w\" sizes=\"(max-width: 683px) 100vw, 683px\" \/>\t\t\t\t<\/a>\n\t\t\t<\/div>\n\t\t\n\t\t<div class=\"dr-widgetBlock_content-wrap\">\n\t\t\t\t\t\t\t<div class=\"dr_recipe-keys\">\n\t\t\t\t\t<div class=\"dr_recipe-keys-container\">\n\t\t\t\t\t\t\t\t\t\t\t\t\t<a href=\"https:\/\/ib.eco\/en\/recipe-key\/fara-gluten\/\" class=\"dr_recipe-key\" data-title=\"f\u0103r\u0103 gluten\">\n\t\t\t\t\t\t\t\t<svg class=\"svg-icon\" aria-hidden=\"true\" role=\"img\" focusable=\"false\" xmlns=\"http:\/\/www.w3.org\/2000\/svg\" width=\"38\" height=\"38\" viewbox=\"0 0 38 38\"><defs><style>.gluten-free-circle{fill:#f7bd31;}.gluten-free-path{fill:#fff;}<\/style><\/defs><g transform=\"translate(-1411 -3350)\"><circle class=\"gluten-free-circle\" cx=\"19\" cy=\"19\" r=\"19\" transform=\"translate(1411 3350)\" \/><g transform=\"translate(1384.164 2856.629) rotate(30)\"><path class=\"gluten-free-path\" d=\"M301.678,410.675a5.81,5.81,0,0,1,0,9.009,5.794,5.794,0,0,1,0-9.009Z\" transform=\"translate(-5.947 -2.26)\" \/><path class=\"gluten-free-path\" d=\"M302.092,437.167a.62.62,0,0,1-.015-.083,8.772,8.772,0,0,1,.357-3.022,4.69,4.69,0,0,1,1.005-1.82,4.5,4.5,0,0,1,2.04-1.249,5.232,5.232,0,0,1,1.345-.215,5.44,5.44,0,0,1,1.27.1c.036.007.072.018.123.03.006.17.022.341.016.511-.009.227-.027.454-.059.68a4.912,4.912,0,0,1-1.3,2.775,6.345,6.345,0,0,1-1.176.948,9.312,9.312,0,0,1-3.2,1.287c-.121.025-.243.042-.365.061A.212.212,0,0,1,302.092,437.167Z\" transform=\"translate(-6.128 -3.689)\" \/><path class=\"gluten-free-path\" d=\"M308.209,424.646a3.9,3.9,0,0,1,0,.883,5.483,5.483,0,0,1-.231,1.184,4.782,4.782,0,0,1-1.61,2.362,8.888,8.888,0,0,1-2.955,1.535,8.631,8.631,0,0,1-1.2.284c-.04.007-.08.008-.134.015-.005-.095-.013-.179-.015-.264a8.9,8.9,0,0,1,.317-2.693,5.166,5.166,0,0,1,.818-1.7,4.226,4.226,0,0,1,1.369-1.155,4.852,4.852,0,0,1,1.941-.571,5.462,5.462,0,0,1,1.616.091C308.157,424.629,308.181,424.637,308.209,424.646Z\" transform=\"translate(-6.127 -3.244)\" \/><path class=\"gluten-free-path\" d=\"M301.114,424.657c-.245-.049-.477-.089-.706-.143a9.159,9.159,0,0,1-3.1-1.345,5.657,5.657,0,0,1-1.283-1.162,4.946,4.946,0,0,1-.946-2.095,5.51,5.51,0,0,1-.11-1.37c0-.052.009-.1.015-.167.107-.02.212-.045.318-.061a5.283,5.283,0,0,1,3.065.4,4.237,4.237,0,0,1,2.214,2.33,7.314,7.314,0,0,1,.467,1.818,9.906,9.906,0,0,1,.081,1.418C301.133,424.4,301.122,424.515,301.114,424.657Z\" transform=\"translate(-5.623 -2.799)\" \/><path class=\"gluten-free-path\" d=\"M295,430.9c.165-.027.333-.062.5-.08a5.649,5.649,0,0,1,.625-.045,4.843,4.843,0,0,1,3.539,1.37,4.276,4.276,0,0,1,.935,1.463,7.233,7.233,0,0,1,.452,1.775,9.98,9.98,0,0,1,.081,1.452c0,.111-.013.221-.021.347-.139-.023-.268-.04-.395-.066a9.294,9.294,0,0,1-3.317-1.355,5.753,5.753,0,0,1-1.318-1.156,4.938,4.938,0,0,1-1-2.166,5.7,5.7,0,0,1-.11-1.358.892.892,0,0,1,.006-.089C294.984,430.962,294.991,430.937,295,430.9Z\" transform=\"translate(-5.623 -3.689)\" \/><path class=\"gluten-free-path\" d=\"M302.085,424.648c-.006-.092-.011-.173-.013-.253a8.771,8.771,0,0,1,.34-2.79,4.989,4.989,0,0,1,.834-1.664,4.316,4.316,0,0,1,1.741-1.3,5.041,5.041,0,0,1,1.9-.392,5.532,5.532,0,0,1,1.193.1l.087.02.052.017c.006.155.021.311.018.466,0,.191-.018.381-.039.569a4.961,4.961,0,0,1-1.259,2.865,6.255,6.255,0,0,1-1.294,1.049,9.344,9.344,0,0,1-3.368,1.289l-.056.007Z\" transform=\"translate(-6.128 -2.799)\" \/><path class=\"gluten-free-path\" d=\"M301.108,430.909c-.076-.01-.15-.016-.221-.03a9.362,9.362,0,0,1-3.521-1.412,5.635,5.635,0,0,1-1.3-1.146,4.954,4.954,0,0,1-.984-2.137,5.561,5.561,0,0,1-.111-1.381c0-.03,0-.059.007-.089s.009-.043.018-.077c.137-.024.275-.055.414-.073a5.52,5.52,0,0,1,2.242.152,4.713,4.713,0,0,1,1.835,1,4.043,4.043,0,0,1,1,1.367,6.735,6.735,0,0,1,.545,1.888,7.454,7.454,0,0,1,.092,1.037c0,.28,0,.56,0,.84A.432.432,0,0,1,301.108,430.909Z\" transform=\"translate(-5.623 -3.244)\" \/><\/g><\/g><\/svg>\t\t\t\t\t\t\t<\/a>\n\t\t\t\t\t\t\t\t\t\t\t\t\t<a href=\"https:\/\/ib.eco\/en\/recipe-key\/fara-soia\/\" class=\"dr_recipe-key\" data-title=\"f\u0103r\u0103 soia\">\n\t\t\t\t\t\t\t\t<svg class=\"svg-icon\" aria-hidden=\"true\" role=\"img\" focusable=\"false\" xmlns=\"http:\/\/www.w3.org\/2000\/svg\" width=\"38\" height=\"38\" viewbox=\"0 0 38 38\"><defs>soy-free<\/defs><g id=\"Group_4616\" data-name=\"Group 4616\" transform=\"translate(-751 -383)\"><circle id=\"Ellipse_97\" data-name=\"Ellipse 97\" cx=\"19\" cy=\"19\" r=\"19\" transform=\"translate(751 383)\" fill=\"#ee9060\" \/><g id=\"Group_4603\" data-name=\"Group 4603\" transform=\"translate(759 392.105)\"><path id=\"Path_30606\" data-name=\"Path 30606\" d=\"M17.906,22.856a14.373,14.373,0,0,1-1.244-1.639q-.742-1.105-1.729-2.774a4.449,4.449,0,0,0-1.182-1.188l-.034-.022a3.173,3.173,0,0,0-1.975-.734,3.746,3.746,0,0,0-2.009.662q-2.393,1.964-.644,7.479,2.094,4.734,5.874,5.887a5.95,5.95,0,0,1,1.76-2.513,12.8,12.8,0,0,1,1.4-1.163l.05-.031c1.154-.578,2.055-1.076,2.727-1.5A19.711,19.711,0,0,1,17.906,22.856Zm-7.354-2.883-.006.019a6.519,6.519,0,0,0-.218,1.154,7.148,7.148,0,0,0-.009,1.154.436.436,0,0,1-.4.47H9.883a.435.435,0,0,1-.435-.407,8.248,8.248,0,0,1,.009-1.3v0a7.007,7.007,0,0,1,.246-1.3.447.447,0,0,1,.426-.33.431.431,0,0,1,.124.019A.439.439,0,0,1,10.552,19.973Zm2.124,7.361a.452.452,0,0,1-.127.019.441.441,0,0,1-.42-.311,5.455,5.455,0,0,1-.174-.777v-.009a2.986,2.986,0,0,1,0-.765.436.436,0,0,1,.432-.376c.022,0,.04,0,.062,0a.44.44,0,0,1,.373.494,2.009,2.009,0,0,0,0,.547,4.285,4.285,0,0,0,.143.631A.438.438,0,0,1,12.676,27.334Zm1.4.924a.386.386,0,0,1-.118.016.434.434,0,0,1-.42-.32,2.848,2.848,0,0,1-.075-.3.436.436,0,0,1,.339-.516.444.444,0,0,1,.09-.009.435.435,0,0,1,.426.351c.016.068.034.149.062.246A.436.436,0,0,1,14.072,28.258Zm3.187-3.175a.439.439,0,0,1-.578.224A5.6,5.6,0,0,1,14.1,22.887a7.2,7.2,0,0,1-1.135-3.638.437.437,0,0,1,.423-.448H13.4a.437.437,0,0,1,.438.426,6.382,6.382,0,0,0,1,3.2l.009.012a4.758,4.758,0,0,0,2.186,2.065A.437.437,0,0,1,17.259,25.083Z\" transform=\"translate(-8.35 -16.5)\" fill=\"#fff\" \/><path id=\"Path_30607\" data-name=\"Path 30607\" d=\"M46.317,23.34a3.021,3.021,0,0,0-.7-.09,2.046,2.046,0,0,0-1.287.429L44.3,23.7a9.255,9.255,0,0,0-3,3.3.435.435,0,0,1-.23.193,9.327,9.327,0,0,1-2.348,2.637,4.7,4.7,0,0,1-.485.395c0,.006,0,.012-.006.019a.424.424,0,0,1-.236.159,26.731,26.731,0,0,1-3.24,1.841,12.621,12.621,0,0,0-1.263,1.06l-.016.016a5.112,5.112,0,0,0-1.586,2.31,2.039,2.039,0,0,0-.075.557,4.992,4.992,0,0,0,1.213,2.8,7.554,7.554,0,0,0,3.856,2.7l.037.012a5.033,5.033,0,0,0,1.732.3q3.1,0,7.218-3.5h0q4.595-4.585,4.549-9.043Q50.3,24.623,46.317,23.34ZM34.7,38.369a.5.5,0,0,1-.134.019.44.44,0,0,1-.417-.3c-.075-.239-.137-.47-.183-.7-.056-.289-.131-.706-.224-1.256a.439.439,0,0,1,.361-.5.29.29,0,0,1,.072-.006.437.437,0,0,1,.432.367c.09.538.162.945.218,1.222a6.209,6.209,0,0,0,.159.6A.437.437,0,0,1,34.7,38.369Zm5.143,1.561a.432.432,0,0,1-.606.124,3.11,3.11,0,0,1-.42-.32,1.742,1.742,0,0,1-.317-.4L38.48,39.3a.43.43,0,0,1,.168-.572.455.455,0,0,1,.224-.059.431.431,0,0,1,.376.215l.016.028a.859.859,0,0,0,.137.171l.016.012a2.2,2.2,0,0,0,.3.23A.433.433,0,0,1,39.839,39.93Zm3.318-1.58a5.026,5.026,0,0,1-.47.236l-.022.006a1.729,1.729,0,0,1-.448.115c-.006,0-.009,0-.016,0-.037,0-.081.006-.124.006a1.947,1.947,0,0,1-.333-.031l-.006,0a1.977,1.977,0,0,1-.46-.137l-.019-.009a.436.436,0,0,1-.205-.569.441.441,0,0,1,.4-.261.454.454,0,0,1,.177.037l.019.009a1.1,1.1,0,0,0,.236.068h0a1.013,1.013,0,0,0,.177.022H42.1l.022,0a1.081,1.081,0,0,0,.249-.072,2.767,2.767,0,0,0,.364-.183.433.433,0,0,1,.594.171A.434.434,0,0,1,43.157,38.351Zm.435-10.806a6.026,6.026,0,0,1-1.723,3.281,14.2,14.2,0,0,1-1.86,1.617l-.006,0a10.138,10.138,0,0,1-2.04.958.427.427,0,0,1-.152.028.438.438,0,0,1-.152-.849,9.55,9.55,0,0,0,1.844-.855,13.284,13.284,0,0,0,1.745-1.518l0,0a5.152,5.152,0,0,0,1.477-2.814.439.439,0,0,1,.432-.361.3.3,0,0,1,.075.006A.438.438,0,0,1,43.593,27.544Z\" transform=\"translate(-24.515 -21.151)\" fill=\"#fff\" \/><\/g><line id=\"Line_1\" data-name=\"Line 1\" x2=\"9.435\" y2=\"9.435\" transform=\"translate(774.5 405.5)\" fill=\"none\" stroke=\"#fff\" stroke-width=\"2\" \/><line id=\"Line_2\" data-name=\"Line 2\" x2=\"7.435\" y2=\"7.435\" transform=\"translate(757.065 388.065)\" fill=\"none\" stroke=\"#fff\" stroke-width=\"2\" \/><\/g><\/svg>\t\t\t\t\t\t\t<\/a>\n\t\t\t\t\t\t\t\t\t\t\t\t\t<a href=\"https:\/\/ib.eco\/en\/recipe-key\/fara-ulei\/\" class=\"dr_recipe-key\" data-title=\"f\u0103r\u0103 ulei\">\n\t\t\t\t\t\t\t\t<svg class=\"svg-icon\" aria-hidden=\"true\" role=\"img\" focusable=\"false\" xmlns=\"http:\/\/www.w3.org\/2000\/svg\" width=\"38\" height=\"38\" viewbox=\"0 0 38 38\"><defs>dairy-free<\/defs><g id=\"Group_4626\" data-name=\"Group 4626\" transform=\"translate(-521 -148)\"><g id=\"Group_4430\" data-name=\"Group 4430\" transform=\"translate(-698 -2588)\"><circle id=\"Ellipse_97\" data-name=\"Ellipse 97\" cx=\"19\" cy=\"19\" r=\"19\" transform=\"translate(1219 2736)\" fill=\"#2fcde1\" \/><g id=\"Group_4424\" data-name=\"Group 4424\" transform=\"translate(1814.985 2514.889)\"><path id=\"Path_30559\" data-name=\"Path 30559\" d=\"M-579.2,243.665h3.987c-.2,1.972.9,3.49,1.555,5.165a10.283,10.283,0,0,1,.79,3.37c.1,3.492.04,6.988.035,10.483,0,1.363-.27,1.626-1.6,1.626-1.929,0-3.858,0-5.787,0-.987,0-1.335-.307-1.339-1.29-.015-3.8-.063-7.606.04-11.405a8.492,8.492,0,0,1,.869-3.016C-579.97,247.015-579,245.54-579.2,243.665Z\" transform=\"translate(0 -12.909)\" fill=\"#fff\" \/><path id=\"Path_30560\" data-name=\"Path 30560\" d=\"M-567.31,229.907c-.475,0-.952-.035-1.423.008-.677.062-.919-.172-.933-.883-.014-.753.3-.9.947-.877q1.548.049,3.1,0c.737-.024.687.435.7.935.017.528-.076.871-.718.83-.556-.036-1.116-.007-1.675-.007Z\" transform=\"translate(-9.925)\" fill=\"#fff\" \/><\/g><\/g><line id=\"Line_1\" data-name=\"Line 1\" x2=\"38\" transform=\"translate(527.065 153.065) rotate(45)\" fill=\"none\" stroke=\"#fff\" stroke-width=\"2\" \/><\/g><\/svg>\t\t\t\t\t\t\t<\/a>\n\t\t\t\t\t\t\t\t\t\t\t\t\t<a href=\"https:\/\/ib.eco\/en\/recipe-key\/fara-zahar\/\" class=\"dr_recipe-key\" data-title=\"f\u0103r\u0103 zah\u0103r\">\n\t\t\t\t\t\t\t\t<svg class=\"svg-icon\" aria-hidden=\"true\" role=\"img\" focusable=\"false\" xmlns=\"http:\/\/www.w3.org\/2000\/svg\" width=\"38\" height=\"38\" viewbox=\"0 0 38 38\"><defs>sugar-free<\/defs><g id=\"Group_4615\" data-name=\"Group 4615\" transform=\"translate(-751 -311)\"><g id=\"Group_4430\" data-name=\"Group 4430\" transform=\"translate(-468 -2425)\"><circle id=\"Ellipse_97\" data-name=\"Ellipse 97\" cx=\"19\" cy=\"19\" r=\"19\" transform=\"translate(1219 2736)\" fill=\"#ab5a35\" \/><\/g><line id=\"Line_1\" data-name=\"Line 1\" x2=\"7.435\" y2=\"7.435\" transform=\"translate(776.5 335.5)\" fill=\"none\" stroke=\"#fff\" stroke-width=\"2\" \/><line id=\"Line_2\" data-name=\"Line 2\" x2=\"7.435\" y2=\"7.435\" transform=\"translate(757.065 316.065)\" fill=\"none\" stroke=\"#fff\" stroke-width=\"2\" \/><path id=\"Path_30592\" data-name=\"Path 30592\" d=\"M42.089,56.093l-7.876-1.079L29.14,50.84l7.614.982Z\" transform=\"translate(736.96 270.449)\" fill=\"#fff\" \/><path id=\"Path_30593\" data-name=\"Path 30593\" d=\"M44.087,59.7,40.16,69.888,30.92,68.6l.09-.225,3.822-9.944Z\" transform=\"translate(736.514 268.546)\" fill=\"#fff\" \/><path id=\"Path_30594\" data-name=\"Path 30594\" d=\"M30.929,56.018,27.07,66.15,21,61.182,24.934,51.05Z\" transform=\"translate(739 270.396)\" fill=\"#fff\" \/><\/g><\/svg>\t\t\t\t\t\t\t<\/a>\n\t\t\t\t\t\t\t\t\t\t\t\t\t<a href=\"https:\/\/ib.eco\/en\/recipe-key\/low-carb\/\" class=\"dr_recipe-key\" data-title=\"low carb\">\n\t\t\t\t\t\t\t\t<svg class=\"svg-icon\" aria-hidden=\"true\" role=\"img\" focusable=\"false\" xmlns=\"http:\/\/www.w3.org\/2000\/svg\" width=\"38\" height=\"38\" viewbox=\"0 0 38 38\"><defs>keto<\/defs><g id=\"Group_4620\" data-name=\"Group 4620\" transform=\"translate(-953 -238)\"><circle id=\"Ellipse_97\" data-name=\"Ellipse 97\" cx=\"19\" cy=\"19\" r=\"19\" transform=\"translate(953 238)\" fill=\"#769558\" \/><g id=\"Group_4608\" data-name=\"Group 4608\" transform=\"matrix(0.966, 0.259, -0.259, 0.966, 966.366, 243.78)\"><path id=\"Path_30622\" data-name=\"Path 30622\" d=\"M16.138,15.8a3.73,3.73,0,0,0-3.493,3.929,3.73,3.73,0,0,0,3.493,3.929,3.73,3.73,0,0,0,3.492-3.929A3.731,3.731,0,0,0,16.138,15.8Zm-1.751,3.183a.553.553,0,0,1-.541.433A.343.343,0,0,1,13.512,19a2.792,2.792,0,0,1,2.626-2.328,2.373,2.373,0,0,1,.436.049A2.856,2.856,0,0,0,14.387,18.985Z\" transform=\"translate(-3.04 -3.799)\" fill=\"#fff\" \/><path id=\"Path_30623\" data-name=\"Path 30623\" d=\"M6.434,11.631a7.079,7.079,0,0,0,1.234-4,5.686,5.686,0,0,1,1.48-3.826c-.062-.176-.141-.346-.191-.526L8.933,3.2A4.393,4.393,0,0,0,.477,5.588l0,.006a8.4,8.4,0,0,1-.118,4.953A7.028,7.028,0,0,0,5.7,19.666a8.31,8.31,0,0,1,.732-8.035Z\" transform=\"translate(0)\" fill=\"#fff\" \/><path id=\"Path_30624\" data-name=\"Path 30624\" d=\"M20.958,13.425a8.513,8.513,0,0,1-1.513-4.69V8.65a4.183,4.183,0,1,0-8.355,0v.007A8.528,8.528,0,0,1,9.5,13.391a6.989,6.989,0,1,0,11.463.034Zm-5.77,9.206a5.291,5.291,0,0,1-4.383-8.258A10.119,10.119,0,0,0,12.569,8.65a2.678,2.678,0,0,1,5.356,0v.085a10.1,10.1,0,0,0,1.7,5.663,5.236,5.236,0,0,1,.876,2.939A5.31,5.31,0,0,1,15.189,22.631Z\" transform=\"translate(-1.975 -1.024)\" fill=\"#fff\" \/><\/g><\/g><\/svg>\t\t\t\t\t\t\t<\/a>\n\t\t\t\t\t\t\t\t\t\t\t<\/div>\n\t\t\t\t<\/div>\n\t\t\t\n\t\t\t\n\t\t\t\t\t\t\t<h3 class=\"dr_title\">\n\t\t\t\t\t<a href=\"https:\/\/ib.eco\/en\/recipe\/cashew-yoghurt-creamy-but-sinful\/\">Cashew yoghurt, creamy but sinful<\/a>\n\t\t\t\t<\/h3>\n\t\t\t\n\t\t\t<div class=\"dr_meta-content\" data-separator=\"dot\">\n\t\t\t\t<div class=\"dr_meta-items\">\n\t\t\t\t\t\n\t\t\t\t\t\n\t\t\t\t\t\t\t\t\t<\/div>\n\t\t\t<\/div>\n\n\t\t\t\n\t\t\t<div class=\"dr_footer-meta\" style=\"--dr_meta-margin: 30px 0 0;\">\n\t\t\t\t<div class=\"dr_footer-meta-container\">\n\t\t\t\t\t<div class=\"dr_meta-content\">\n\t\t\t\t\t\t<div class=\"dr_meta-items\">\n\t\t\t\t\t\t\t\t\t\t\t\t\t\t\t<span class=\"dr_meta-item dr_meta-duration\">\n\t\t\t\t\t\t\t\t\t12 hrs 30 mins\t\t\t\t\t\t\t\t<\/span>\n\t\t\t\t\t\t\t\n\t\t\t\t\t\t\t\t\t\t\t\t\t\t\t<span class=\"dr_meta-item dr_meta-level\">\n\t\t\t\t\t\t\t\t\tBeginner\t\t\t\t\t\t\t\t<\/span>\n\t\t\t\t\t\t\t\n\t\t\t\t\t\t\t\t\t\t\t\t\t<\/div>\n\t\t\t\t\t<\/div>\n\t\t\t\t<\/div>\n\t\t\t<\/div>\n\n\t\t<\/div>\n\t<\/div>\n<\/div>\n\t\t\t<\/div>\n\t\t<\/div>\n\t\t\t\t<\/div>\n\t\t\t\t<\/div>\n\t\t\t\t\t<\/div>\n\t\t\t\t<\/div>\n\t\t\t\t<\/div>","protected":false},"excerpt":{"rendered":"<p>Cum am ajuns s\u0103 g\u0103tesc vegan Rela\u021bia mea cu m\u00e2ncarea s-a schimbat radical de-a lungul vie\u021bii. C\u00e2nd eram mic\u0103, aruncam pe geam m\u00e2ncarea pe care mi-o l\u0103sau p\u0103rin\u021bii pleca\u021bi la serviciu, detestam legumele \u0219i le scoteam din ciorb\u0103, ceream mai pu\u021bin\u0103 ceap\u0103 \u00een m\u00e2ncare. \u00cen facultate, am \u00eenceput s\u0103-mi g\u0103tesc \u00een condi\u021biile vitrege de la [&hellip;]<\/p>","protected":false},"author":2,"featured_media":0,"parent":0,"menu_order":0,"comment_status":"closed","ping_status":"closed","template":"elementor_header_footer","meta":{"_kad_blocks_custom_css":"","_kad_blocks_head_custom_js":"","_kad_blocks_body_custom_js":"","_kad_blocks_footer_custom_js":"","footnotes":""},"folder":[],"class_list":["post-98","page","type-page","status-publish","hentry"],"taxonomy_info":[],"featured_image_src_large":false,"author_info":{"display_name":"Irina","author_link":"https:\/\/ib.eco\/en\/author\/irina\/"},"comment_info":0,"_links":{"self":[{"href":"https:\/\/ib.eco\/en\/wp-json\/wp\/v2\/pages\/98","targetHints":{"allow":["GET"]}}],"collection":[{"href":"https:\/\/ib.eco\/en\/wp-json\/wp\/v2\/pages"}],"about":[{"href":"https:\/\/ib.eco\/en\/wp-json\/wp\/v2\/types\/page"}],"author":[{"embeddable":true,"href":"https:\/\/ib.eco\/en\/wp-json\/wp\/v2\/users\/2"}],"replies":[{"embeddable":true,"href":"https:\/\/ib.eco\/en\/wp-json\/wp\/v2\/comments?post=98"}],"version-history":[{"count":0,"href":"https:\/\/ib.eco\/en\/wp-json\/wp\/v2\/pages\/98\/revisions"}],"wp:attachment":[{"href":"https:\/\/ib.eco\/en\/wp-json\/wp\/v2\/media?parent=98"}],"wp:term":[{"taxonomy":"folder","embeddable":true,"href":"https:\/\/ib.eco\/en\/wp-json\/wp\/v2\/folder?post=98"}],"curies":[{"name":"wp","href":"https:\/\/api.w.org\/{rel}","templated":true}]}}