{"id":110,"date":"2024-03-03T02:26:36","date_gmt":"2024-03-03T02:26:36","guid":{"rendered":"https:\/\/ib.eco\/?page_id=110"},"modified":"2025-07-30T19:42:12","modified_gmt":"2025-07-30T19:42:12","slug":"servicii","status":"publish","type":"page","link":"https:\/\/ib.eco\/ro\/servicii\/","title":{"rendered":"Servicii"},"content":{"rendered":"\t\t<div data-elementor-type=\"wp-page\" data-elementor-id=\"110\" class=\"elementor elementor-110\" data-elementor-post-type=\"page\">\n\t\t\t\t<div class=\"elementor-element elementor-element-9355531 e-flex e-con-boxed e-con e-parent\" data-id=\"9355531\" data-element_type=\"container\">\n\t\t\t\t\t<div class=\"e-con-inner\">\n\t\t\t\t<div class=\"elementor-element elementor-element-4d295ea elementor-widget elementor-widget-heading\" data-id=\"4d295ea\" data-element_type=\"widget\" data-widget_type=\"heading.default\">\n\t\t\t\t<div class=\"elementor-widget-container\">\n\t\t\t<h2 class=\"elementor-heading-title elementor-size-default\">Re\u021bete \u0219i meniuri vegane<\/h2>\t\t<\/div>\n\t\t\t\t<\/div>\n\t\t\t\t<div class=\"elementor-element elementor-element-c959da6 elementor-widget elementor-widget-text-editor\" data-id=\"c959da6\" data-element_type=\"widget\" data-widget_type=\"text-editor.default\">\n\t\t\t\t<div class=\"elementor-widget-container\">\n\t\t\t\t\t\t\t<p>\u00cemi place s\u0103 experimentez. Am pu\u021bine feluri de m\u00e2ncare pe care le repet \u0219i chiar \u0219i atunci variaz\u0103. Asta pentru c\u0103, atunci c\u00e2nd g\u0103tesc pentru mine \u0219i cei dragi, valorific ce am prin frigider \u0219i pun din ochi ingredientele.<\/p><p>\u00a0<\/p>\t\t\t\t\t\t<\/div>\n\t\t\t\t<\/div>\n\t\t\t\t<div class=\"elementor-element elementor-element-6bfadff elementor-widget elementor-widget-image\" data-id=\"6bfadff\" data-element_type=\"widget\" data-widget_type=\"image.default\">\n\t\t\t\t<div class=\"elementor-widget-container\">\n\t\t\t\t\t\t\t\t\t\t\t\t\t<img fetchpriority=\"high\" decoding=\"async\" width=\"800\" height=\"291\" src=\"https:\/\/ib.eco\/wp-content\/uploads\/2024\/09\/ingrediente-1024x373.jpg\" class=\"attachment-large size-large wp-image-1228\" alt=\"Ingrediente\" srcset=\"https:\/\/ib.eco\/wp-content\/uploads\/2024\/09\/ingrediente-1024x373.jpg 1024w, https:\/\/ib.eco\/wp-content\/uploads\/2024\/09\/ingrediente-300x109.jpg 300w, https:\/\/ib.eco\/wp-content\/uploads\/2024\/09\/ingrediente-768x280.jpg 768w, https:\/\/ib.eco\/wp-content\/uploads\/2024\/09\/ingrediente-1536x560.jpg 1536w, https:\/\/ib.eco\/wp-content\/uploads\/2024\/09\/ingrediente-2048x746.jpg 2048w, https:\/\/ib.eco\/wp-content\/uploads\/2024\/09\/ingrediente-18x7.jpg 18w\" sizes=\"(max-width: 800px) 100vw, 800px\" \/>\t\t\t\t\t\t\t\t\t\t\t\t\t<\/div>\n\t\t\t\t<\/div>\n\t\t\t\t<div class=\"elementor-element elementor-element-1c2a9dd elementor-widget elementor-widget-text-editor\" data-id=\"1c2a9dd\" data-element_type=\"widget\" data-widget_type=\"text-editor.default\">\n\t\t\t\t<div class=\"elementor-widget-container\">\n\t\t\t\t\t\t\t<p>Dar, datorit\u0103 cursului de vegan chef, am deprins abilit\u0103\u021bile necesare pentru a dezvolta o re\u021bet\u0103 ca la carte, plec\u00e2nd de la criterii sau ingrediente date.<\/p><p>A\u0219a c\u0103 pot crea re\u021bete \u0219i meniuri pentru localuri, organizatori de evenimente sau persoane care au nevoie de pu\u021bin ajutor \u00een buc\u0103t\u0103rie. Dac\u0103 te intereseaz\u0103 acest serviciu de consultan\u021b\u0103, po\u021bi completa <a href=\"#contact\">acest formular.<\/a><\/p>\t\t\t\t\t\t<\/div>\n\t\t\t\t<\/div>\n\t\t\t\t<div class=\"elementor-element elementor-element-760ee55 elementor-widget elementor-widget-heading\" data-id=\"760ee55\" data-element_type=\"widget\" data-widget_type=\"heading.default\">\n\t\t\t\t<div class=\"elementor-widget-container\">\n\t\t\t<h2 class=\"elementor-heading-title elementor-size-default\">Strategii pentru buc\u0103t\u0103rii sustenabile<\/h2>\t\t<\/div>\n\t\t\t\t<\/div>\n\t\t\t\t<div class=\"elementor-element elementor-element-f08accb elementor-widget elementor-widget-text-editor\" data-id=\"f08accb\" data-element_type=\"widget\" data-widget_type=\"text-editor.default\">\n\t\t\t\t<div class=\"elementor-widget-container\">\n\t\t\t\t\t\t\t<p>Atunci c\u00e2nd g\u0103tesc, m\u0103 ghidez dup\u0103 ni\u0219te principii integrate de-a lungul carierei mele \u00een jurnalism, activism \u0219i cercetare de mediu.<\/p>\t\t\t\t\t\t<\/div>\n\t\t\t\t<\/div>\n\t\t\t\t<div class=\"elementor-element elementor-element-0470e83 elementor-widget elementor-widget-image\" data-id=\"0470e83\" data-element_type=\"widget\" data-widget_type=\"image.default\">\n\t\t\t\t<div class=\"elementor-widget-container\">\n\t\t\t\t\t\t\t\t\t\t\t\t\t<img decoding=\"async\" width=\"800\" height=\"272\" src=\"https:\/\/ib.eco\/wp-content\/uploads\/2024\/09\/zw-tools-1024x348.jpg\" class=\"attachment-large size-large wp-image-1229\" alt=\"Ustensile\" srcset=\"https:\/\/ib.eco\/wp-content\/uploads\/2024\/09\/zw-tools-1024x348.jpg 1024w, https:\/\/ib.eco\/wp-content\/uploads\/2024\/09\/zw-tools-300x102.jpg 300w, https:\/\/ib.eco\/wp-content\/uploads\/2024\/09\/zw-tools-768x261.jpg 768w, https:\/\/ib.eco\/wp-content\/uploads\/2024\/09\/zw-tools-1536x521.jpg 1536w, https:\/\/ib.eco\/wp-content\/uploads\/2024\/09\/zw-tools-18x6.jpg 18w, https:\/\/ib.eco\/wp-content\/uploads\/2024\/09\/zw-tools.jpg 1992w\" sizes=\"(max-width: 800px) 100vw, 800px\" \/>\t\t\t\t\t\t\t\t\t\t\t\t\t<\/div>\n\t\t\t\t<\/div>\n\t\t\t\t<div class=\"elementor-element elementor-element-4f8b602 elementor-widget elementor-widget-text-editor\" data-id=\"4f8b602\" data-element_type=\"widget\" data-widget_type=\"text-editor.default\">\n\t\t\t\t<div class=\"elementor-widget-container\">\n\t\t\t\t\t\t\t<p>Voi alege preponderent ingrediente locale \u0219i organice \u0219i doar c\u00e2nd nu se poate altfel voi opta pentru produse ambalate. Refolosesc ingredientele care r\u0103m\u00e2n \u0219i ceea ce nu pot salva transform \u00een compost.<\/p><p>Am o viziune holistic\u0103 referitor la ce ar putea \u00eensemna o buc\u0103t\u0103rie cu adev\u0103rat ecologic\u0103 \u0219i m-a\u0219 bucura s\u0103 \u00eei pot inspira \u0219i pe al\u021bii s\u0103 adopte strategii sustenabile. Dac\u0103 vrei s\u0103 \u00ee\u021bi \u00eembun\u0103t\u0103\u021be\u0219ti practicile \u00een buc\u0103t\u0103rie, po\u021bi completa <a href=\"#contact\">formularul de mai jos.<\/a><\/p>\t\t\t\t\t\t<\/div>\n\t\t\t\t<\/div>\n\t\t\t\t<div class=\"elementor-element elementor-element-9b66cd6 elementor-widget elementor-widget-heading\" data-id=\"9b66cd6\" data-element_type=\"widget\" data-widget_type=\"heading.default\">\n\t\t\t\t<div class=\"elementor-widget-container\">\n\t\t\t<h2 class=\"elementor-heading-title elementor-size-default\">Workshop-uri \u0219i cursuri<\/h2>\t\t<\/div>\n\t\t\t\t<\/div>\n\t\t\t\t<div class=\"elementor-element elementor-element-082241f elementor-widget elementor-widget-text-editor\" data-id=\"082241f\" data-element_type=\"widget\" data-widget_type=\"text-editor.default\">\n\t\t\t\t<div class=\"elementor-widget-container\">\n\t\t\t\t\t\t\t<p>G\u0103tesc vegetarian de cam 10 ani, iar vegan de vreo 6. Am urmat un curs de vegan chefs timp de 6 luni cu Day Radley, vegan chef britanic cu experien\u021b\u0103, \u0219i am f\u0103cut practic\u0103 timp de 2 luni \u00eentr-un restaurant preponderent plant-based.<\/p>\t\t\t\t\t\t<\/div>\n\t\t\t\t<\/div>\n\t\t\t\t<div class=\"elementor-element elementor-element-442c0d2 elementor-widget elementor-widget-image\" data-id=\"442c0d2\" data-element_type=\"widget\" data-widget_type=\"image.default\">\n\t\t\t\t<div class=\"elementor-widget-container\">\n\t\t\t\t\t\t\t\t\t\t\t\t\t<img decoding=\"async\" width=\"800\" height=\"216\" src=\"https:\/\/ib.eco\/wp-content\/uploads\/2024\/09\/Creme-brulee-workshop-1024x276.jpg\" class=\"attachment-large size-large wp-image-1230\" alt=\"Workshop\" srcset=\"https:\/\/ib.eco\/wp-content\/uploads\/2024\/09\/Creme-brulee-workshop-1024x276.jpg 1024w, https:\/\/ib.eco\/wp-content\/uploads\/2024\/09\/Creme-brulee-workshop-300x81.jpg 300w, https:\/\/ib.eco\/wp-content\/uploads\/2024\/09\/Creme-brulee-workshop-768x207.jpg 768w, https:\/\/ib.eco\/wp-content\/uploads\/2024\/09\/Creme-brulee-workshop-18x5.jpg 18w, https:\/\/ib.eco\/wp-content\/uploads\/2024\/09\/Creme-brulee-workshop.jpg 1280w\" sizes=\"(max-width: 800px) 100vw, 800px\" \/>\t\t\t\t\t\t\t\t\t\t\t\t\t<\/div>\n\t\t\t\t<\/div>\n\t\t\t\t<div class=\"elementor-element elementor-element-1e9143b elementor-widget elementor-widget-text-editor\" data-id=\"1e9143b\" data-element_type=\"widget\" data-widget_type=\"text-editor.default\">\n\t\t\t\t<div class=\"elementor-widget-container\">\n\t\t\t\t\t\t\t<p>M-ar \u00eenc\u00e2nta s\u0103 pot \u00eemp\u0103rt\u0103\u0219i cuno\u0219tin\u021bele acumulate, \u00een cadrul unor workshop-uri pe teme specifice sau \u00een cadrul unor cursuri ceva mai lungi. Dac\u0103 te-ar interesa un workshop sau un curs, las\u0103-mi te rog un mesaj prin formularul de mai jos.<\/p>\t\t\t\t\t\t<\/div>\n\t\t\t\t<\/div>\n\t\t\t\t<div class=\"elementor-element elementor-element-ca894b2 elementor-widget elementor-widget-heading\" data-id=\"ca894b2\" data-element_type=\"widget\" data-widget_type=\"heading.default\">\n\t\t\t\t<div class=\"elementor-widget-container\">\n\t\t\t<h2 class=\"elementor-heading-title elementor-size-default\">Ce zic oamenii cu care am lucrat<\/h2>\t\t<\/div>\n\t\t\t\t<\/div>\n\t\t<div class=\"elementor-element elementor-element-cefc3fb e-flex e-con-boxed e-con e-child\" data-id=\"cefc3fb\" data-element_type=\"container\" data-settings=\"{&quot;background_background&quot;:&quot;classic&quot;}\">\n\t\t\t\t\t<div class=\"e-con-inner\">\n\t\t<div class=\"elementor-element elementor-element-60dfb7b e-flex e-con-boxed e-con e-child\" data-id=\"60dfb7b\" data-element_type=\"container\">\n\t\t\t\t\t<div class=\"e-con-inner\">\n\t\t\t\t<div class=\"elementor-element elementor-element-0a9dc4f elementor-widget__width-initial elementor-widget elementor-widget-image\" data-id=\"0a9dc4f\" data-element_type=\"widget\" data-widget_type=\"image.default\">\n\t\t\t\t<div class=\"elementor-widget-container\">\n\t\t\t\t\t\t\t\t\t\t\t\t\t<img loading=\"lazy\" decoding=\"async\" width=\"576\" height=\"1024\" src=\"https:\/\/ib.eco\/wp-content\/uploads\/2024\/09\/WhatsApp-Image-2024-09-30-at-09.10.35-576x1024.jpeg\" class=\"attachment-large size-large wp-image-1251\" alt=\"\" srcset=\"https:\/\/ib.eco\/wp-content\/uploads\/2024\/09\/WhatsApp-Image-2024-09-30-at-09.10.35-576x1024.jpeg 576w, https:\/\/ib.eco\/wp-content\/uploads\/2024\/09\/WhatsApp-Image-2024-09-30-at-09.10.35-169x300.jpeg 169w, https:\/\/ib.eco\/wp-content\/uploads\/2024\/09\/WhatsApp-Image-2024-09-30-at-09.10.35-768x1365.jpeg 768w, https:\/\/ib.eco\/wp-content\/uploads\/2024\/09\/WhatsApp-Image-2024-09-30-at-09.10.35-864x1536.jpeg 864w, https:\/\/ib.eco\/wp-content\/uploads\/2024\/09\/WhatsApp-Image-2024-09-30-at-09.10.35-7x12.jpeg 7w, https:\/\/ib.eco\/wp-content\/uploads\/2024\/09\/WhatsApp-Image-2024-09-30-at-09.10.35.jpeg 1152w\" sizes=\"(max-width: 576px) 100vw, 576px\" \/>\t\t\t\t\t\t\t\t\t\t\t\t\t<\/div>\n\t\t\t\t<\/div>\n\t\t\t\t<div class=\"elementor-element elementor-element-28c5ea5 elementor-widget elementor-widget-heading\" data-id=\"28c5ea5\" data-element_type=\"widget\" data-widget_type=\"heading.default\">\n\t\t\t\t<div class=\"elementor-widget-container\">\n\t\t\t<p class=\"elementor-heading-title elementor-size-default\">Irina Bujor <br><br>\nBusiness consultant, antreprenoare<\/p>\t\t<\/div>\n\t\t\t\t<\/div>\n\t\t\t\t\t<\/div>\n\t\t\t\t<\/div>\n\t\t<div class=\"elementor-element elementor-element-9360027 e-flex e-con-boxed e-con e-child\" data-id=\"9360027\" data-element_type=\"container\">\n\t\t\t\t\t<div class=\"e-con-inner\">\n\t\t\t\t<div class=\"elementor-element elementor-element-078b181 elementor-widget__width-initial elementor-widget elementor-widget-text-editor\" data-id=\"078b181\" data-element_type=\"widget\" data-widget_type=\"text-editor.default\">\n\t\t\t\t<div class=\"elementor-widget-container\">\n\t\t\t\t\t\t\t<p>\u00cen ochii mei, o persoan\u0103 crescut\u0103 cu carne \u0219i cartofi \u0219i dornic\u0103 de diversitate de 10+ ani, buc\u0103t\u0103ria Irinei este o sursa infinita de inspira\u021bie, informa\u021bie si creativitate! \u00cemi iau mereu idei noi de ingrediente, inspira\u021bie pentru re\u021bete neb\u0103nuite, mult\u0103 iscusin\u021b\u0103 si know-how buc\u0103t\u0103resc \u0219i spa\u021biu \u0219i loc pentru explorare \u0219i imperfec\u021biuni. Love it and would always recommend it!<\/p>\t\t\t\t\t\t<\/div>\n\t\t\t\t<\/div>\n\t\t\t\t\t<\/div>\n\t\t\t\t<\/div>\n\t\t\t\t\t<\/div>\n\t\t\t\t<\/div>\n\t\t<div class=\"elementor-element elementor-element-7b38497 e-flex e-con-boxed e-con e-child\" data-id=\"7b38497\" data-element_type=\"container\" data-settings=\"{&quot;background_background&quot;:&quot;classic&quot;}\">\n\t\t\t\t\t<div class=\"e-con-inner\">\n\t\t<div class=\"elementor-element elementor-element-1c38f37 e-flex e-con-boxed e-con e-child\" data-id=\"1c38f37\" data-element_type=\"container\">\n\t\t\t\t\t<div class=\"e-con-inner\">\n\t\t\t\t<div class=\"elementor-element elementor-element-fa247b3 elementor-widget__width-initial elementor-widget elementor-widget-image\" data-id=\"fa247b3\" data-element_type=\"widget\" data-widget_type=\"image.default\">\n\t\t\t\t<div class=\"elementor-widget-container\">\n\t\t\t\t\t\t\t\t\t\t\t\t\t<img loading=\"lazy\" decoding=\"async\" width=\"800\" height=\"993\" src=\"https:\/\/ib.eco\/wp-content\/uploads\/2024\/09\/vlad0-825x1024.jpg\" class=\"attachment-large size-large wp-image-1257\" alt=\"\" srcset=\"https:\/\/ib.eco\/wp-content\/uploads\/2024\/09\/vlad0-825x1024.jpg 825w, https:\/\/ib.eco\/wp-content\/uploads\/2024\/09\/vlad0-242x300.jpg 242w, https:\/\/ib.eco\/wp-content\/uploads\/2024\/09\/vlad0-768x954.jpg 768w, https:\/\/ib.eco\/wp-content\/uploads\/2024\/09\/vlad0-10x12.jpg 10w, https:\/\/ib.eco\/wp-content\/uploads\/2024\/09\/vlad0.jpg 960w\" sizes=\"(max-width: 800px) 100vw, 800px\" \/>\t\t\t\t\t\t\t\t\t\t\t\t\t<\/div>\n\t\t\t\t<\/div>\n\t\t\t\t<div class=\"elementor-element elementor-element-8b4586d elementor-widget elementor-widget-heading\" data-id=\"8b4586d\" data-element_type=\"widget\" data-widget_type=\"heading.default\">\n\t\t\t\t<div class=\"elementor-widget-container\">\n\t\t\t<p class=\"elementor-heading-title elementor-size-default\">Vlad Dumitrescu <br><br>\nProgramator, muzician<\/p>\t\t<\/div>\n\t\t\t\t<\/div>\n\t\t\t\t\t<\/div>\n\t\t\t\t<\/div>\n\t\t<div class=\"elementor-element elementor-element-70f2660 e-flex e-con-boxed e-con e-child\" data-id=\"70f2660\" data-element_type=\"container\">\n\t\t\t\t\t<div class=\"e-con-inner\">\n\t\t\t\t<div class=\"elementor-element elementor-element-b1c9c89 elementor-widget__width-initial elementor-widget elementor-widget-text-editor\" data-id=\"b1c9c89\" data-element_type=\"widget\" data-widget_type=\"text-editor.default\">\n\t\t\t\t<div class=\"elementor-widget-container\">\n\t\t\t\t\t\t\t<p>Am fost uimit de c\u00e2t de savuroas\u0103 \u0219i satisf\u0103c\u0103toare poate fi m\u00e2ncarea vegan\u0103. Fiecare fel de m\u00e2ncare preg\u0103tit a fost o explozie de gusturi, toate ingredientele fiind proaspete \u0219i bine combinate. Recomand cu \u00eencredere tuturor celor care vor s\u0103 descopere o alt\u0103 latur\u0103 a buc\u0103t\u0103riei.<\/p>\t\t\t\t\t\t<\/div>\n\t\t\t\t<\/div>\n\t\t\t\t\t<\/div>\n\t\t\t\t<\/div>\n\t\t\t\t\t<\/div>\n\t\t\t\t<\/div>\n\t\t<div class=\"elementor-element elementor-element-96e14f9 e-flex e-con-boxed e-con e-child\" data-id=\"96e14f9\" data-element_type=\"container\" data-settings=\"{&quot;background_background&quot;:&quot;classic&quot;}\">\n\t\t\t\t\t<div class=\"e-con-inner\">\n\t\t<div class=\"elementor-element elementor-element-9efc35c e-flex e-con-boxed e-con e-child\" data-id=\"9efc35c\" data-element_type=\"container\">\n\t\t\t\t\t<div class=\"e-con-inner\">\n\t\t\t\t<div class=\"elementor-element elementor-element-ea74cbc elementor-widget__width-initial elementor-widget elementor-widget-image\" data-id=\"ea74cbc\" data-element_type=\"widget\" data-widget_type=\"image.default\">\n\t\t\t\t<div class=\"elementor-widget-container\">\n\t\t\t\t\t\t\t\t\t\t\t\t\t<img loading=\"lazy\" decoding=\"async\" width=\"555\" height=\"694\" src=\"https:\/\/ib.eco\/wp-content\/uploads\/2024\/09\/WhatsApp-Image-2024-09-30-at-09.31.56.jpeg\" class=\"attachment-large size-large wp-image-1253\" alt=\"\" srcset=\"https:\/\/ib.eco\/wp-content\/uploads\/2024\/09\/WhatsApp-Image-2024-09-30-at-09.31.56.jpeg 555w, https:\/\/ib.eco\/wp-content\/uploads\/2024\/09\/WhatsApp-Image-2024-09-30-at-09.31.56-240x300.jpeg 240w, https:\/\/ib.eco\/wp-content\/uploads\/2024\/09\/WhatsApp-Image-2024-09-30-at-09.31.56-10x12.jpeg 10w\" sizes=\"(max-width: 555px) 100vw, 555px\" \/>\t\t\t\t\t\t\t\t\t\t\t\t\t<\/div>\n\t\t\t\t<\/div>\n\t\t\t\t<div class=\"elementor-element elementor-element-c241fb6 elementor-widget elementor-widget-heading\" data-id=\"c241fb6\" data-element_type=\"widget\" data-widget_type=\"heading.default\">\n\t\t\t\t<div class=\"elementor-widget-container\">\n\t\t\t<p class=\"elementor-heading-title elementor-size-default\">Laura \u021aencaliuc <br><br>\nSpecialist\u0103 PR, activist\u0103 de mediu<\/p>\t\t<\/div>\n\t\t\t\t<\/div>\n\t\t\t\t\t<\/div>\n\t\t\t\t<\/div>\n\t\t<div class=\"elementor-element elementor-element-e20e719 e-flex e-con-boxed e-con e-child\" data-id=\"e20e719\" data-element_type=\"container\">\n\t\t\t\t\t<div class=\"e-con-inner\">\n\t\t\t\t<div class=\"elementor-element elementor-element-987a877 elementor-widget__width-initial elementor-widget elementor-widget-text-editor\" data-id=\"987a877\" data-element_type=\"widget\" data-widget_type=\"text-editor.default\">\n\t\t\t\t<div class=\"elementor-widget-container\">\n\t\t\t\t\t\t\t<p>Am participat la un workshop de vegan cooking al Irinei \u0219i, pe l\u00e2ng\u0103 faptul c\u0103 am gustat rubarba prima dat\u0103, mi-a pl\u0103cut foarte mult ce a ie\u0219it. M\u0103 inspira aten\u021bia Irinei pentru fiecare ingredient \u0219i faptul c\u0103 e preocupat\u0103 inclusiv de compostarea resturilor.<\/p>\t\t\t\t\t\t<\/div>\n\t\t\t\t<\/div>\n\t\t\t\t\t<\/div>\n\t\t\t\t<\/div>\n\t\t\t\t\t<\/div>\n\t\t\t\t<\/div>\n\t\t\t\t\t<\/div>\n\t\t\t\t<\/div>\n\t\t<div class=\"elementor-element elementor-element-bd42ed8 e-flex e-con-boxed e-con e-parent\" data-id=\"bd42ed8\" data-element_type=\"container\" id=\"contact\">\n\t\t\t\t\t<div class=\"e-con-inner\">\n\t\t<div class=\"elementor-element elementor-element-0103239 e-flex e-con-boxed e-con e-child\" data-id=\"0103239\" data-element_type=\"container\">\n\t\t\t\t\t<div class=\"e-con-inner\">\n\t\t\t\t<div class=\"elementor-element elementor-element-2c17747 elementor-widget__width-initial elementor-widget elementor-widget-image\" data-id=\"2c17747\" data-element_type=\"widget\" data-widget_type=\"image.default\">\n\t\t\t\t<div class=\"elementor-widget-container\">\n\t\t\t\t\t\t\t\t\t\t\t\t\t<img loading=\"lazy\" decoding=\"async\" width=\"633\" height=\"725\" src=\"https:\/\/ib.eco\/wp-content\/uploads\/2024\/03\/avatar.jpg\" class=\"attachment-large size-large wp-image-122\" alt=\"\" srcset=\"https:\/\/ib.eco\/wp-content\/uploads\/2024\/03\/avatar.jpg 633w, https:\/\/ib.eco\/wp-content\/uploads\/2024\/03\/avatar-262x300.jpg 262w, https:\/\/ib.eco\/wp-content\/uploads\/2024\/03\/avatar-10x12.jpg 10w\" sizes=\"(max-width: 633px) 100vw, 633px\" \/>\t\t\t\t\t\t\t\t\t\t\t\t\t<\/div>\n\t\t\t\t<\/div>\n\t\t<div class=\"elementor-element elementor-element-21170a9 e-con-full e-flex e-con e-child\" data-id=\"21170a9\" data-element_type=\"container\">\n\t\t\t\t<div class=\"elementor-element elementor-element-b0dcc7d elementor-widget elementor-widget-heading\" data-id=\"b0dcc7d\" data-element_type=\"widget\" data-widget_type=\"heading.default\">\n\t\t\t\t<div class=\"elementor-widget-container\">\n\t\t\t<h3 class=\"elementor-heading-title elementor-size-default\">Ia leg\u0103tura cu mine!<\/h3>\t\t<\/div>\n\t\t\t\t<\/div>\n\t\t\t\t<div class=\"elementor-element elementor-element-f0a2f0d elementor-widget elementor-widget-heading\" data-id=\"f0a2f0d\" data-element_type=\"widget\" data-widget_type=\"heading.default\">\n\t\t\t\t<div class=\"elementor-widget-container\">\n\t\t\t<p class=\"elementor-heading-title elementor-size-default\">Ca s\u0103 fie mai u\u0219or, spune-mi \u00een formular ce serviciu te intereseaz\u0103 \u0219i c\u00e2teva detalii despre tine. <\/p>\t\t<\/div>\n\t\t\t\t<\/div>\n\t\t\t\t<\/div>\n\t\t\t\t\t<\/div>\n\t\t\t\t<\/div>\n\t\t\t\t\t<\/div>\n\t\t\t\t<\/div>\n\t\t<div class=\"elementor-element elementor-element-a2a1854 e-flex e-con-boxed e-con e-parent\" data-id=\"a2a1854\" data-element_type=\"container\">\n\t\t\t\t\t<div class=\"e-con-inner\">\n\t\t\t\t<div class=\"elementor-element elementor-element-21918f4 elementor-button-align-stretch elementor-widget elementor-widget-form\" data-id=\"21918f4\" data-element_type=\"widget\" data-settings=\"{&quot;step_next_label&quot;:&quot;Next&quot;,&quot;step_previous_label&quot;:&quot;Previous&quot;,&quot;button_width&quot;:&quot;100&quot;,&quot;step_type&quot;:&quot;number_text&quot;,&quot;step_icon_shape&quot;:&quot;circle&quot;}\" data-widget_type=\"form.default\">\n\t\t\t\t<div class=\"elementor-widget-container\">\n\t\t\t\t\t<form class=\"elementor-form\" method=\"post\" name=\"Formular Consultanta\">\n\t\t\t<input type=\"hidden\" name=\"post_id\" value=\"110\"\/>\n\t\t\t<input type=\"hidden\" name=\"form_id\" value=\"21918f4\"\/>\n\t\t\t<input type=\"hidden\" name=\"referer_title\" value=\"\" \/>\n\n\t\t\t\n\t\t\t<div class=\"elementor-form-fields-wrapper elementor-labels-above\">\n\t\t\t\t\t\t\t\t<div class=\"elementor-field-type-text elementor-field-group elementor-column elementor-field-group-name elementor-col-100\">\n\t\t\t\t\t\t\t\t\t\t\t\t<label for=\"form-field-name\" class=\"elementor-field-label\">\n\t\t\t\t\t\t\t\tName\t\t\t\t\t\t\t<\/label>\n\t\t\t\t\t\t\t\t\t\t\t\t\t\t<input size=\"1\" type=\"text\" name=\"form_fields[name]\" id=\"form-field-name\" class=\"elementor-field elementor-size-md  elementor-field-textual\" placeholder=\"Ion Popescu\">\n\t\t\t\t\t\t\t\t\t\t\t<\/div>\n\t\t\t\t\t\t\t\t<div class=\"elementor-field-type-email elementor-field-group elementor-column elementor-field-group-email elementor-col-100 elementor-field-required\">\n\t\t\t\t\t\t\t\t\t\t\t\t<label for=\"form-field-email\" class=\"elementor-field-label\">\n\t\t\t\t\t\t\t\tEmail\t\t\t\t\t\t\t<\/label>\n\t\t\t\t\t\t\t\t\t\t\t\t\t\t<input size=\"1\" type=\"email\" name=\"form_fields[email]\" id=\"form-field-email\" class=\"elementor-field elementor-size-md  elementor-field-textual\" placeholder=\"popescu@domain.com\" required=\"required\" aria-required=\"true\">\n\t\t\t\t\t\t\t\t\t\t\t<\/div>\n\t\t\t\t\t\t\t\t<div class=\"elementor-field-type-textarea elementor-field-group elementor-column elementor-field-group-message elementor-col-100\">\n\t\t\t\t\t\t\t\t\t\t\t\t<label for=\"form-field-message\" class=\"elementor-field-label\">\n\t\t\t\t\t\t\t\tMessage\t\t\t\t\t\t\t<\/label>\n\t\t\t\t\t\t<textarea class=\"elementor-field-textual elementor-field  elementor-size-md\" name=\"form_fields[message]\" id=\"form-field-message\" rows=\"4\" placeholder=\"Scrie-mi pe scurt despre tine \u0219i care este serviciul de care ai nevoie...\"><\/textarea>\t\t\t\t<\/div>\n\t\t\t\t\t\t\t\t<div class=\"elementor-field-group elementor-column elementor-field-type-submit elementor-col-100 e-form__buttons\">\n\t\t\t\t\t<button class=\"elementor-button elementor-size-md\" type=\"submit\">\n\t\t\t\t\t\t<span class=\"elementor-button-content-wrapper\">\n\t\t\t\t\t\t\t\t\t\t\t\t\t\t\t\t\t\t\t\t\t\t<span class=\"elementor-button-text\">Trimite mesajul<\/span>\n\t\t\t\t\t\t\t\t\t\t\t\t\t<\/span>\n\t\t\t\t\t<\/button>\n\t\t\t\t<\/div>\n\t\t\t<\/div>\n\t\t<\/form>\n\t\t\t\t<\/div>\n\t\t\t\t<\/div>\n\t\t\t\t\t<\/div>\n\t\t\t\t<\/div>\n\t\t\t\t<\/div>\n\t\t","protected":false},"excerpt":{"rendered":"<p>Re\u021bete \u0219i meniuri vegane \u00cemi place s\u0103 experimentez. Am pu\u021bine feluri de m\u00e2ncare pe care le repet \u0219i chiar \u0219i atunci variaz\u0103. Asta pentru c\u0103, atunci c\u00e2nd g\u0103tesc pentru mine \u0219i cei dragi, valorific ce am prin frigider \u0219i pun din ochi ingredientele. \u00a0 Dar, datorit\u0103 cursului de vegan chef, am deprins abilit\u0103\u021bile necesare pentru [&hellip;]<\/p>\n","protected":false},"author":2,"featured_media":0,"parent":0,"menu_order":0,"comment_status":"closed","ping_status":"closed","template":"","meta":{"_kad_blocks_custom_css":"","_kad_blocks_head_custom_js":"","_kad_blocks_body_custom_js":"","_kad_blocks_footer_custom_js":"","footnotes":""},"folder":[],"class_list":["post-110","page","type-page","status-publish","hentry"],"taxonomy_info":[],"featured_image_src_large":false,"author_info":{"display_name":"Irina","author_link":"https:\/\/ib.eco\/ro\/author\/irina\/"},"comment_info":0,"_links":{"self":[{"href":"https:\/\/ib.eco\/ro\/wp-json\/wp\/v2\/pages\/110","targetHints":{"allow":["GET"]}}],"collection":[{"href":"https:\/\/ib.eco\/ro\/wp-json\/wp\/v2\/pages"}],"about":[{"href":"https:\/\/ib.eco\/ro\/wp-json\/wp\/v2\/types\/page"}],"author":[{"embeddable":true,"href":"https:\/\/ib.eco\/ro\/wp-json\/wp\/v2\/users\/2"}],"replies":[{"embeddable":true,"href":"https:\/\/ib.eco\/ro\/wp-json\/wp\/v2\/comments?post=110"}],"version-history":[{"count":53,"href":"https:\/\/ib.eco\/ro\/wp-json\/wp\/v2\/pages\/110\/revisions"}],"predecessor-version":[{"id":1371,"href":"https:\/\/ib.eco\/ro\/wp-json\/wp\/v2\/pages\/110\/revisions\/1371"}],"wp:attachment":[{"href":"https:\/\/ib.eco\/ro\/wp-json\/wp\/v2\/media?parent=110"}],"wp:term":[{"taxonomy":"folder","embeddable":true,"href":"https:\/\/ib.eco\/ro\/wp-json\/wp\/v2\/folder?post=110"}],"curies":[{"name":"wp","href":"https:\/\/api.w.org\/{rel}","templated":true}]}}